{"id":754,"date":"2026-03-11T14:24:10","date_gmt":"2026-03-11T14:24:10","guid":{"rendered":"https:\/\/arcanesetcristaux.fr\/?post_type=product&#038;p=754"},"modified":"2026-03-14T13:16:10","modified_gmt":"2026-03-14T13:16:10","slug":"consutation-de-lithotherapie-en-presentiel","status":"publish","type":"product","link":"https:\/\/arcanesetcristaux.fr\/index.php\/produit\/consutation-de-lithotherapie-en-presentiel\/","title":{"rendered":"Consutation de lithoth\u00e9rapie en pr\u00e9sentiel"},"content":{"rendered":"<p data-start=\"276\" data-end=\"346\"><strong data-start=\"276\" data-end=\"346\">Un temps d\u2019\u00e9coute et d\u2019harmonisation \u00e9nerg\u00e9tique gr\u00e2ce aux pierres<\/strong><\/p>\n<p data-start=\"348\" data-end=\"486\">La lithoth\u00e9rapie utilise les propri\u00e9t\u00e9s vibratoires des pierres naturelles pour soutenir l\u2019\u00e9quilibre \u00e9motionnel, \u00e9nerg\u00e9tique et int\u00e9rieur.<\/p>\n<p data-start=\"488\" data-end=\"712\">Lors de cette consultation en visio, nous prenons un temps d\u2019\u00e9change pour identifier ce que vous traversez actuellement : fatigue, stress, blocage \u00e9motionnel, besoin d\u2019ancrage, manque de confiance, p\u00e9riode de transformation\u2026<\/p>\n<p data-start=\"714\" data-end=\"852\">\u00c0 partir de cet \u00e9change, je vous propose une <strong data-start=\"759\" data-end=\"797\">s\u00e9lection personnalis\u00e9e de pierres<\/strong> adapt\u00e9es \u00e0 votre situation et \u00e0 vos besoins du moment.<\/p>\n<p data-start=\"854\" data-end=\"996\">L\u2019objectif est de vous offrir <strong data-start=\"884\" data-end=\"937\">des cl\u00e9s concr\u00e8tes et un soutien \u00e9nerg\u00e9tique doux<\/strong> que vous pourrez int\u00e9grer facilement dans votre quotidien.<\/p>\n<hr data-start=\"998\" data-end=\"1001\" \/>\n<h2 data-section-id=\"1jsv0fi\" data-start=\"1003\" data-end=\"1039\">Comment se d\u00e9roule la s\u00e9ance ?<\/h2>\n<p data-start=\"1041\" data-end=\"1118\">La consultation dure <strong data-start=\"1062\" data-end=\"1084\">environ 45 minutes<\/strong>.<\/p>\n<p data-start=\"1120\" data-end=\"1135\">Elle comprend :<\/p>\n<p data-start=\"1137\" data-end=\"1239\">\u2728 <strong data-start=\"1139\" data-end=\"1161\">Un temps d\u2019\u00e9change<\/strong><br data-start=\"1161\" data-end=\"1164\" \/>Pour comprendre votre situation, vos ressentis et vos besoins \u00e9nerg\u00e9tiques.<\/p>\n<p data-start=\"1241\" data-end=\"1367\">\u2728 <strong data-start=\"1243\" data-end=\"1270\">Une lecture \u00e9nerg\u00e9tique<\/strong><br data-start=\"1270\" data-end=\"1273\" \/>Identification des axes d\u2019harmonisation possibles (ancrage, \u00e9motions, confiance, apaisement\u2026).<\/p>\n<p data-start=\"1369\" data-end=\"1495\">\u2728 <strong data-start=\"1371\" data-end=\"1413\">Une s\u00e9lection de pierres personnalis\u00e9e<\/strong><br data-start=\"1413\" data-end=\"1416\" \/>Je vous recommande les pierres les plus adapt\u00e9es ainsi que leur utilisation :<\/p>\n<ul data-start=\"1496\" data-end=\"1581\">\n<li data-section-id=\"c2yt0w\" data-start=\"1496\" data-end=\"1512\">\n<p data-start=\"1498\" data-end=\"1512\">port sur soi<\/p>\n<\/li>\n<li data-section-id=\"dx8ajs\" data-start=\"1513\" data-end=\"1527\">\n<p data-start=\"1515\" data-end=\"1527\">m\u00e9ditation<\/p>\n<\/li>\n<li data-section-id=\"wq5ohj\" data-start=\"1528\" data-end=\"1554\">\n<p data-start=\"1530\" data-end=\"1554\">placement dans un lieu<\/p>\n<\/li>\n<li data-section-id=\"1q2v6ud\" data-start=\"1555\" data-end=\"1581\">\n<p data-start=\"1557\" data-end=\"1581\">petit rituel \u00e9nerg\u00e9tique<\/p>\n<\/li>\n<\/ul>\n<p data-start=\"1583\" data-end=\"1704\">\u2728 <strong data-start=\"1585\" data-end=\"1611\">Des conseils pratiques<\/strong><br data-start=\"1611\" data-end=\"1614\" \/>Vous repartez avec des indications simples pour int\u00e9grer les pierres dans votre quotidien.<\/p>\n<hr data-start=\"1706\" data-end=\"1709\" \/>\n<h2 data-section-id=\"1m6ak1c\" data-start=\"1711\" data-end=\"1755\">Ce que cette s\u00e9ance peut vous apporter<\/h2>\n<p data-start=\"1757\" data-end=\"1795\">Cette consultation peut vous aider \u00e0 :<\/p>\n<p data-start=\"1797\" data-end=\"1980\">\u2022 retrouver un meilleur ancrage<br data-start=\"1828\" data-end=\"1831\" \/>\u2022 apaiser le mental et les \u00e9motions<br data-start=\"1866\" data-end=\"1869\" \/>\u2022 soutenir une p\u00e9riode de changement<br data-start=\"1905\" data-end=\"1908\" \/>\u2022 renforcer la confiance en soi<br data-start=\"1939\" data-end=\"1942\" \/>\u2022 retrouver plus d\u2019harmonie int\u00e9rieure<\/p>\n<p data-start=\"1982\" data-end=\"2117\">La lithoth\u00e9rapie agit comme <strong data-start=\"2010\" data-end=\"2058\">un accompagnement \u00e9nerg\u00e9tique compl\u00e9mentaire<\/strong>, dans une d\u00e9marche de bien-\u00eatre et de connaissance de soi.<\/p>\n<hr data-start=\"2119\" data-end=\"2122\" \/>\n<h2 data-section-id=\"ps05jk\" data-start=\"2124\" data-end=\"2152\">Informations pratiques<\/h2>\n<p data-start=\"2154\" data-end=\"2303\">Dur\u00e9e : <strong data-start=\"2162\" data-end=\"2176\">45 minutes<\/strong><br data-start=\"2176\" data-end=\"2179\" \/>Format : <strong data-start=\"2188\" data-end=\"2207\">en pr\u00e9sentiel<\/strong><br data-start=\"2207\" data-end=\"2210\" \/>Apr\u00e8s votre r\u00e9servation, vous recevrez un <strong data-start=\"2252\" data-end=\"2302\">lien pour choisir votre cr\u00e9neau de rendez-vous<\/strong>.<\/p>\n<hr data-start=\"2305\" data-end=\"2308\" \/>\n<h2 data-section-id=\"z3ik9h\" data-start=\"2310\" data-end=\"2355\">Pour qui est faite cette consultation ?<\/h2>\n<p data-start=\"2357\" data-end=\"2413\">Cette s\u00e9ance est ouverte \u00e0 toute personne souhaitant :<\/p>\n<ul data-start=\"2415\" data-end=\"2575\">\n<li data-section-id=\"1d7zsde\" data-start=\"2415\" data-end=\"2445\">\n<p data-start=\"2417\" data-end=\"2445\">d\u00e9couvrir la lithoth\u00e9rapie<\/p>\n<\/li>\n<li data-section-id=\"pzhbnh\" data-start=\"2446\" data-end=\"2485\">\n<p data-start=\"2448\" data-end=\"2485\">recevoir des conseils personnalis\u00e9s<\/p>\n<\/li>\n<li data-section-id=\"dt5taq\" data-start=\"2486\" data-end=\"2537\">\n<p data-start=\"2488\" data-end=\"2537\">\u00eatre accompagn\u00e9e dans une p\u00e9riode de transition<\/p>\n<\/li>\n<li data-section-id=\"15e42q1\" data-start=\"2538\" data-end=\"2575\">\n<p data-start=\"2540\" data-end=\"2575\">approfondir son travail \u00e9nerg\u00e9tique<\/p>\n<\/li>\n<\/ul>\n<p data-start=\"2577\" data-end=\"2626\">Aucune connaissance des pierres n\u2019est n\u00e9cessaire.<\/p>\n","protected":false},"excerpt":{"rendered":"<p>Un temps d\u2019\u00e9coute et d\u2019harmonisation \u00e9nerg\u00e9tique gr\u00e2ce aux pierres La lithoth\u00e9rapie utilise les propri\u00e9t\u00e9s vibratoires des pierres naturelles pour soutenir l\u2019\u00e9quilibre \u00e9motionnel, \u00e9nerg\u00e9tique et int\u00e9rieur. Lors de cette consultation en visio, nous prenons un temps d\u2019\u00e9change pour identifier ce que vous traversez actuellement : fatigue, stress, blocage \u00e9motionnel, besoin d\u2019ancrage, manque de confiance, p\u00e9riode de [&hellip;]<\/p>\n","protected":false},"featured_media":757,"template":"","meta":[],"product_brand":[],"product_cat":[34],"product_tag":[],"class_list":{"0":"post-754","1":"product","2":"type-product","3":"status-publish","4":"has-post-thumbnail","6":"product_cat-accompagnements-consultations","8":"first","9":"instock","10":"virtual","11":"purchasable","12":"product-type-simple"},"yoast_head":"<!-- This site is optimized with the Yoast SEO plugin v27.4 - https:\/\/yoast.com\/product\/yoast-seo-wordpress\/ -->\n<title>Consutation de lithoth\u00e9rapie en pr\u00e9sentiel - Arcanes &amp; Cristaux<\/title>\n<meta name=\"description\" content=\"D\u00e9couvrez un moment d&#039;\u00e9coute avec notre s\u00e9ance lithoth\u00e9rapie visio. Harmonisez vos \u00e9motions et retrouvez votre \u00e9quilibre int\u00e9rieur !\" \/>\n<meta name=\"robots\" content=\"index, follow, max-snippet:-1, max-image-preview:large, max-video-preview:-1\" \/>\n<link rel=\"canonical\" href=\"https:\/\/arcanesetcristaux.fr\/index.php\/produit\/consutation-de-lithotherapie-en-presentiel\/\" \/>\n<meta property=\"og:locale\" content=\"fr_FR\" \/>\n<meta property=\"og:type\" content=\"article\" \/>\n<meta property=\"og:title\" content=\"Consutation de lithoth\u00e9rapie en pr\u00e9sentiel - Arcanes &amp; Cristaux\" \/>\n<meta property=\"og:description\" content=\"D\u00e9couvrez un moment d&#039;\u00e9coute avec notre s\u00e9ance lithoth\u00e9rapie visio. Harmonisez vos \u00e9motions et retrouvez votre \u00e9quilibre int\u00e9rieur !\" \/>\n<meta property=\"og:url\" content=\"https:\/\/arcanesetcristaux.fr\/index.php\/produit\/consutation-de-lithotherapie-en-presentiel\/\" \/>\n<meta property=\"og:site_name\" content=\"Arcanes &amp; Cristaux\" \/>\n<meta property=\"article:publisher\" content=\"https:\/\/www.facebook.com\/share\/15UmzuaSotv\/\" \/>\n<meta property=\"article:modified_time\" content=\"2026-03-14T13:16:10+00:00\" \/>\n<meta property=\"og:image\" content=\"https:\/\/arcanesetcristaux.fr\/wp-content\/uploads\/2026\/03\/ChatGPT-Image-11-mars-2026-15_37_07-683x1024.png\" \/>\n\t<meta property=\"og:image:width\" content=\"683\" \/>\n\t<meta property=\"og:image:height\" content=\"1024\" \/>\n\t<meta property=\"og:image:type\" content=\"image\/png\" \/>\n<meta name=\"twitter:card\" content=\"summary_large_image\" \/>\n<meta name=\"twitter:label1\" content=\"Dur\u00e9e de lecture estim\u00e9e\" \/>\n\t<meta name=\"twitter:data1\" content=\"2 minutes\" \/>\n<script type=\"application\/ld+json\" class=\"yoast-schema-graph\">{\"@context\":\"https:\\\/\\\/schema.org\",\"@graph\":[{\"@type\":\"WebPage\",\"@id\":\"https:\\\/\\\/arcanesetcristaux.fr\\\/index.php\\\/produit\\\/consutation-de-lithotherapie-en-presentiel\\\/\",\"url\":\"https:\\\/\\\/arcanesetcristaux.fr\\\/index.php\\\/produit\\\/consutation-de-lithotherapie-en-presentiel\\\/\",\"name\":\"Consutation de lithoth\u00e9rapie en pr\u00e9sentiel - Arcanes &amp; Cristaux\",\"isPartOf\":{\"@id\":\"https:\\\/\\\/arcanesetcristaux.fr\\\/#website\"},\"primaryImageOfPage\":{\"@id\":\"https:\\\/\\\/arcanesetcristaux.fr\\\/index.php\\\/produit\\\/consutation-de-lithotherapie-en-presentiel\\\/#primaryimage\"},\"image\":{\"@id\":\"https:\\\/\\\/arcanesetcristaux.fr\\\/index.php\\\/produit\\\/consutation-de-lithotherapie-en-presentiel\\\/#primaryimage\"},\"thumbnailUrl\":\"https:\\\/\\\/arcanesetcristaux.fr\\\/wp-content\\\/uploads\\\/2026\\\/03\\\/ChatGPT-Image-11-mars-2026-15_37_07.png\",\"datePublished\":\"2026-03-11T14:24:10+00:00\",\"dateModified\":\"2026-03-14T13:16:10+00:00\",\"description\":\"D\u00e9couvrez un moment d'\u00e9coute avec notre s\u00e9ance lithoth\u00e9rapie visio. Harmonisez vos \u00e9motions et retrouvez votre \u00e9quilibre int\u00e9rieur !\",\"breadcrumb\":{\"@id\":\"https:\\\/\\\/arcanesetcristaux.fr\\\/index.php\\\/produit\\\/consutation-de-lithotherapie-en-presentiel\\\/#breadcrumb\"},\"inLanguage\":\"fr-FR\",\"potentialAction\":[{\"@type\":\"ReadAction\",\"target\":[\"https:\\\/\\\/arcanesetcristaux.fr\\\/index.php\\\/produit\\\/consutation-de-lithotherapie-en-presentiel\\\/\"]}]},{\"@type\":\"ImageObject\",\"inLanguage\":\"fr-FR\",\"@id\":\"https:\\\/\\\/arcanesetcristaux.fr\\\/index.php\\\/produit\\\/consutation-de-lithotherapie-en-presentiel\\\/#primaryimage\",\"url\":\"https:\\\/\\\/arcanesetcristaux.fr\\\/wp-content\\\/uploads\\\/2026\\\/03\\\/ChatGPT-Image-11-mars-2026-15_37_07.png\",\"contentUrl\":\"https:\\\/\\\/arcanesetcristaux.fr\\\/wp-content\\\/uploads\\\/2026\\\/03\\\/ChatGPT-Image-11-mars-2026-15_37_07.png\",\"width\":1024,\"height\":1536},{\"@type\":\"BreadcrumbList\",\"@id\":\"https:\\\/\\\/arcanesetcristaux.fr\\\/index.php\\\/produit\\\/consutation-de-lithotherapie-en-presentiel\\\/#breadcrumb\",\"itemListElement\":[{\"@type\":\"ListItem\",\"position\":1,\"name\":\"Accueil\",\"item\":\"https:\\\/\\\/arcanesetcristaux.fr\\\/\"},{\"@type\":\"ListItem\",\"position\":2,\"name\":\"Produits\",\"item\":\"https:\\\/\\\/arcanesetcristaux.fr\\\/index.php\\\/shop\\\/\"},{\"@type\":\"ListItem\",\"position\":3,\"name\":\"Consutation de lithoth\u00e9rapie en pr\u00e9sentiel\"}]},{\"@type\":\"WebSite\",\"@id\":\"https:\\\/\\\/arcanesetcristaux.fr\\\/#website\",\"url\":\"https:\\\/\\\/arcanesetcristaux.fr\\\/\",\"name\":\"Arcanes et Cristaux\",\"description\":\"\",\"publisher\":{\"@id\":\"https:\\\/\\\/arcanesetcristaux.fr\\\/#organization\"},\"potentialAction\":[{\"@type\":\"SearchAction\",\"target\":{\"@type\":\"EntryPoint\",\"urlTemplate\":\"https:\\\/\\\/arcanesetcristaux.fr\\\/?s={search_term_string}\"},\"query-input\":{\"@type\":\"PropertyValueSpecification\",\"valueRequired\":true,\"valueName\":\"search_term_string\"}}],\"inLanguage\":\"fr-FR\"},{\"@type\":\"Organization\",\"@id\":\"https:\\\/\\\/arcanesetcristaux.fr\\\/#organization\",\"name\":\"Arcanes et Cristaux\",\"url\":\"https:\\\/\\\/arcanesetcristaux.fr\\\/\",\"logo\":{\"@type\":\"ImageObject\",\"inLanguage\":\"fr-FR\",\"@id\":\"https:\\\/\\\/arcanesetcristaux.fr\\\/#\\\/schema\\\/logo\\\/image\\\/\",\"url\":\"https:\\\/\\\/arcanesetcristaux.fr\\\/wp-content\\\/uploads\\\/2026\\\/01\\\/Logo-definitif-Arcanes-1.png\",\"contentUrl\":\"https:\\\/\\\/arcanesetcristaux.fr\\\/wp-content\\\/uploads\\\/2026\\\/01\\\/Logo-definitif-Arcanes-1.png\",\"width\":500,\"height\":500,\"caption\":\"Arcanes et Cristaux\"},\"image\":{\"@id\":\"https:\\\/\\\/arcanesetcristaux.fr\\\/#\\\/schema\\\/logo\\\/image\\\/\"},\"sameAs\":[\"https:\\\/\\\/www.facebook.com\\\/share\\\/15UmzuaSotv\\\/\"]}]}<\/script>\n<!-- \/ Yoast SEO plugin. -->","yoast_head_json":{"title":"Consutation de lithoth\u00e9rapie en pr\u00e9sentiel - Arcanes &amp; Cristaux","description":"D\u00e9couvrez un moment d'\u00e9coute avec notre s\u00e9ance lithoth\u00e9rapie visio. Harmonisez vos \u00e9motions et retrouvez votre \u00e9quilibre int\u00e9rieur !","robots":{"index":"index","follow":"follow","max-snippet":"max-snippet:-1","max-image-preview":"max-image-preview:large","max-video-preview":"max-video-preview:-1"},"canonical":"https:\/\/arcanesetcristaux.fr\/index.php\/produit\/consutation-de-lithotherapie-en-presentiel\/","og_locale":"fr_FR","og_type":"article","og_title":"Consutation de lithoth\u00e9rapie en pr\u00e9sentiel - Arcanes &amp; Cristaux","og_description":"D\u00e9couvrez un moment d'\u00e9coute avec notre s\u00e9ance lithoth\u00e9rapie visio. Harmonisez vos \u00e9motions et retrouvez votre \u00e9quilibre int\u00e9rieur !","og_url":"https:\/\/arcanesetcristaux.fr\/index.php\/produit\/consutation-de-lithotherapie-en-presentiel\/","og_site_name":"Arcanes &amp; Cristaux","article_publisher":"https:\/\/www.facebook.com\/share\/15UmzuaSotv\/","article_modified_time":"2026-03-14T13:16:10+00:00","og_image":[{"width":683,"height":1024,"url":"https:\/\/arcanesetcristaux.fr\/wp-content\/uploads\/2026\/03\/ChatGPT-Image-11-mars-2026-15_37_07-683x1024.png","type":"image\/png"}],"twitter_card":"summary_large_image","twitter_misc":{"Dur\u00e9e de lecture estim\u00e9e":"2 minutes"},"schema":{"@context":"https:\/\/schema.org","@graph":[{"@type":"WebPage","@id":"https:\/\/arcanesetcristaux.fr\/index.php\/produit\/consutation-de-lithotherapie-en-presentiel\/","url":"https:\/\/arcanesetcristaux.fr\/index.php\/produit\/consutation-de-lithotherapie-en-presentiel\/","name":"Consutation de lithoth\u00e9rapie en pr\u00e9sentiel - Arcanes &amp; Cristaux","isPartOf":{"@id":"https:\/\/arcanesetcristaux.fr\/#website"},"primaryImageOfPage":{"@id":"https:\/\/arcanesetcristaux.fr\/index.php\/produit\/consutation-de-lithotherapie-en-presentiel\/#primaryimage"},"image":{"@id":"https:\/\/arcanesetcristaux.fr\/index.php\/produit\/consutation-de-lithotherapie-en-presentiel\/#primaryimage"},"thumbnailUrl":"https:\/\/arcanesetcristaux.fr\/wp-content\/uploads\/2026\/03\/ChatGPT-Image-11-mars-2026-15_37_07.png","datePublished":"2026-03-11T14:24:10+00:00","dateModified":"2026-03-14T13:16:10+00:00","description":"D\u00e9couvrez un moment d'\u00e9coute avec notre s\u00e9ance lithoth\u00e9rapie visio. Harmonisez vos \u00e9motions et retrouvez votre \u00e9quilibre int\u00e9rieur !","breadcrumb":{"@id":"https:\/\/arcanesetcristaux.fr\/index.php\/produit\/consutation-de-lithotherapie-en-presentiel\/#breadcrumb"},"inLanguage":"fr-FR","potentialAction":[{"@type":"ReadAction","target":["https:\/\/arcanesetcristaux.fr\/index.php\/produit\/consutation-de-lithotherapie-en-presentiel\/"]}]},{"@type":"ImageObject","inLanguage":"fr-FR","@id":"https:\/\/arcanesetcristaux.fr\/index.php\/produit\/consutation-de-lithotherapie-en-presentiel\/#primaryimage","url":"https:\/\/arcanesetcristaux.fr\/wp-content\/uploads\/2026\/03\/ChatGPT-Image-11-mars-2026-15_37_07.png","contentUrl":"https:\/\/arcanesetcristaux.fr\/wp-content\/uploads\/2026\/03\/ChatGPT-Image-11-mars-2026-15_37_07.png","width":1024,"height":1536},{"@type":"BreadcrumbList","@id":"https:\/\/arcanesetcristaux.fr\/index.php\/produit\/consutation-de-lithotherapie-en-presentiel\/#breadcrumb","itemListElement":[{"@type":"ListItem","position":1,"name":"Accueil","item":"https:\/\/arcanesetcristaux.fr\/"},{"@type":"ListItem","position":2,"name":"Produits","item":"https:\/\/arcanesetcristaux.fr\/index.php\/shop\/"},{"@type":"ListItem","position":3,"name":"Consutation de lithoth\u00e9rapie en pr\u00e9sentiel"}]},{"@type":"WebSite","@id":"https:\/\/arcanesetcristaux.fr\/#website","url":"https:\/\/arcanesetcristaux.fr\/","name":"Arcanes et Cristaux","description":"","publisher":{"@id":"https:\/\/arcanesetcristaux.fr\/#organization"},"potentialAction":[{"@type":"SearchAction","target":{"@type":"EntryPoint","urlTemplate":"https:\/\/arcanesetcristaux.fr\/?s={search_term_string}"},"query-input":{"@type":"PropertyValueSpecification","valueRequired":true,"valueName":"search_term_string"}}],"inLanguage":"fr-FR"},{"@type":"Organization","@id":"https:\/\/arcanesetcristaux.fr\/#organization","name":"Arcanes et Cristaux","url":"https:\/\/arcanesetcristaux.fr\/","logo":{"@type":"ImageObject","inLanguage":"fr-FR","@id":"https:\/\/arcanesetcristaux.fr\/#\/schema\/logo\/image\/","url":"https:\/\/arcanesetcristaux.fr\/wp-content\/uploads\/2026\/01\/Logo-definitif-Arcanes-1.png","contentUrl":"https:\/\/arcanesetcristaux.fr\/wp-content\/uploads\/2026\/01\/Logo-definitif-Arcanes-1.png","width":500,"height":500,"caption":"Arcanes et Cristaux"},"image":{"@id":"https:\/\/arcanesetcristaux.fr\/#\/schema\/logo\/image\/"},"sameAs":["https:\/\/www.facebook.com\/share\/15UmzuaSotv\/"]}]}},"_links":{"self":[{"href":"https:\/\/arcanesetcristaux.fr\/index.php\/wp-json\/wp\/v2\/product\/754","targetHints":{"allow":["GET"]}}],"collection":[{"href":"https:\/\/arcanesetcristaux.fr\/index.php\/wp-json\/wp\/v2\/product"}],"about":[{"href":"https:\/\/arcanesetcristaux.fr\/index.php\/wp-json\/wp\/v2\/types\/product"}],"wp:featuredmedia":[{"embeddable":true,"href":"https:\/\/arcanesetcristaux.fr\/index.php\/wp-json\/wp\/v2\/media\/757"}],"wp:attachment":[{"href":"https:\/\/arcanesetcristaux.fr\/index.php\/wp-json\/wp\/v2\/media?parent=754"}],"wp:term":[{"taxonomy":"product_brand","embeddable":true,"href":"https:\/\/arcanesetcristaux.fr\/index.php\/wp-json\/wp\/v2\/product_brand?post=754"},{"taxonomy":"product_cat","embeddable":true,"href":"https:\/\/arcanesetcristaux.fr\/index.php\/wp-json\/wp\/v2\/product_cat?post=754"},{"taxonomy":"product_tag","embeddable":true,"href":"https:\/\/arcanesetcristaux.fr\/index.php\/wp-json\/wp\/v2\/product_tag?post=754"}],"curies":[{"name":"wp","href":"https:\/\/api.w.org\/{rel}","templated":true}]}}