{"id":579,"date":"2026-02-06T13:41:06","date_gmt":"2026-02-06T13:41:06","guid":{"rendered":"https:\/\/arcanesetcristaux.fr\/?post_type=product&#038;p=579"},"modified":"2026-03-26T09:02:19","modified_gmt":"2026-03-26T09:02:19","slug":"perdre-du-poids-sans-lutter-contre-son-corps","status":"publish","type":"product","link":"https:\/\/arcanesetcristaux.fr\/index.php\/produit\/perdre-du-poids-sans-lutter-contre-son-corps\/","title":{"rendered":"Ebook Faire la paix avec son sorps"},"content":{"rendered":"<h2 data-start=\"321\" data-end=\"349\">Description de l\u2019e-book<\/h2>\n<p data-start=\"351\" data-end=\"547\">Cet e-book est une invitation \u00e0 <strong data-start=\"383\" data-end=\"429\">changer de regard sur le poids et le corps<\/strong>.<br data-start=\"430\" data-end=\"433\" \/>Il s\u2019adresse \u00e0 toutes les personnes fatigu\u00e9es des r\u00e9gimes, du contr\u00f4le permanent et de la culpabilit\u00e9 alimentaire.<\/p>\n<p data-start=\"549\" data-end=\"781\">\u00c0 travers une approche <strong data-start=\"572\" data-end=\"618\">douce, p\u00e9dagogique et profond\u00e9ment humaine<\/strong>, tu d\u00e9couvriras pourquoi la perte de poids n\u2019est pas une question de volont\u00e9, mais d\u2019\u00e9quilibre m\u00e9tabolique, hormonal, \u00e9motionnel et de respect du rythme du corps.<\/p>\n<p data-start=\"783\" data-end=\"890\">Ici, il ne s\u2019agit pas de lutter contre soi, mais <strong data-start=\"832\" data-end=\"889\">d\u2019apprendre \u00e0 comprendre et \u00e0 coop\u00e9rer avec son corps<\/strong>.<\/p>\n<h2 data-start=\"897\" data-end=\"931\">\u00c0 qui s\u2019adresse cet e-book ?<\/h2>\n<p data-start=\"933\" data-end=\"966\">Cet e-book est fait pour toi si :<\/p>\n<ul data-start=\"967\" data-end=\"1280\">\n<li data-start=\"967\" data-end=\"1025\">\n<p data-start=\"969\" data-end=\"1025\">tu as d\u00e9j\u00e0 essay\u00e9 plusieurs r\u00e9gimes sans succ\u00e8s durable,<\/p>\n<\/li>\n<li data-start=\"1026\" data-end=\"1085\">\n<p data-start=\"1028\" data-end=\"1085\">tu te sens en conflit avec ton corps ou ton alimentation,<\/p>\n<\/li>\n<li data-start=\"1086\" data-end=\"1158\">\n<p data-start=\"1088\" data-end=\"1158\">tu ressens de la culpabilit\u00e9, de la fatigue ou une perte de confiance,<\/p>\n<\/li>\n<li data-start=\"1159\" data-end=\"1217\">\n<p data-start=\"1161\" data-end=\"1217\">tu veux perdre du poids <strong data-start=\"1185\" data-end=\"1216\">sans privation ni obsession<\/strong>,<\/p>\n<\/li>\n<li data-start=\"1218\" data-end=\"1280\">\n<p data-start=\"1220\" data-end=\"1280\">tu cherches une approche respectueuse, apaisante et durable.<\/p>\n<\/li>\n<\/ul>\n<h2 data-start=\"1287\" data-end=\"1330\">Ce que tu vas d\u00e9couvrir \u00e0 l\u2019int\u00e9rieur<\/h2>\n<ul data-start=\"1332\" data-end=\"1818\">\n<li data-start=\"1332\" data-end=\"1390\">\n<p data-start=\"1334\" data-end=\"1390\">Le r\u00f4le r\u00e9el du <strong data-start=\"1350\" data-end=\"1365\">m\u00e9tabolisme<\/strong> dans la perte de poids<\/p>\n<\/li>\n<li data-start=\"1391\" data-end=\"1463\">\n<p data-start=\"1393\" data-end=\"1463\">Pourquoi les r\u00e9gimes \u00e9chouent (et pourquoi ce n\u2019est pas de ta faute)<\/p>\n<\/li>\n<li data-start=\"1464\" data-end=\"1531\">\n<p data-start=\"1466\" data-end=\"1531\">L\u2019impact des <strong data-start=\"1479\" data-end=\"1516\">hormones, du stress et du sommeil<\/strong> sur le poids<\/p>\n<\/li>\n<li data-start=\"1532\" data-end=\"1587\">\n<p data-start=\"1534\" data-end=\"1587\">Les bases d\u2019une perte de poids <strong data-start=\"1565\" data-end=\"1585\">sans frustration<\/strong><\/p>\n<\/li>\n<li data-start=\"1588\" data-end=\"1653\">\n<p data-start=\"1590\" data-end=\"1653\">Un <strong data-start=\"1593\" data-end=\"1625\">programme simple en 5 \u00e9tapes<\/strong>, progressif et accessible<\/p>\n<\/li>\n<li data-start=\"1654\" data-end=\"1698\">\n<p data-start=\"1656\" data-end=\"1698\">Les erreurs les plus fr\u00e9quentes \u00e0 \u00e9viter<\/p>\n<\/li>\n<li data-start=\"1699\" data-end=\"1748\">\n<p data-start=\"1701\" data-end=\"1748\">Des <strong data-start=\"1705\" data-end=\"1728\">habitudes concr\u00e8tes<\/strong> pour le quotidien<\/p>\n<\/li>\n<li data-start=\"1749\" data-end=\"1818\">\n<p data-start=\"1751\" data-end=\"1818\">Une nouvelle mani\u00e8re de te relier \u00e0 ton corps, avec plus de douceur<\/p>\n<\/li>\n<\/ul>\n<h2 data-start=\"1825\" data-end=\"1861\">Ce que cet e-book n\u2019est pas<\/h2>\n<ul data-start=\"1863\" data-end=\"1980\">\n<li data-start=\"1863\" data-end=\"1878\">\n<p data-start=\"1865\" data-end=\"1878\">Un r\u00e9gime<\/p>\n<\/li>\n<li data-start=\"1879\" data-end=\"1911\">\n<p data-start=\"1881\" data-end=\"1911\">Un plan alimentaire strict<\/p>\n<\/li>\n<li data-start=\"1912\" data-end=\"1937\">\n<p data-start=\"1914\" data-end=\"1937\">Une m\u00e9thode miracle<\/p>\n<\/li>\n<li data-start=\"1938\" data-end=\"1980\">\n<p data-start=\"1940\" data-end=\"1980\">Un contr\u00f4le des calories ou du poids<\/p>\n<\/li>\n<\/ul>\n<p data-start=\"1982\" data-end=\"2079\">C\u2019est un <strong data-start=\"1994\" data-end=\"2036\">guide de compr\u00e9hension et d\u2019apaisement<\/strong>, pour poser des bases solides et durables.<\/p>\n<h2 data-start=\"2086\" data-end=\"2114\">Les b\u00e9n\u00e9fices pour toi<\/h2>\n<ul data-start=\"2116\" data-end=\"2382\">\n<li data-start=\"2116\" data-end=\"2164\">\n<p data-start=\"2118\" data-end=\"2164\">Retrouver de la <strong data-start=\"2134\" data-end=\"2144\">clart\u00e9<\/strong> et du soulagement<\/p>\n<\/li>\n<li data-start=\"2165\" data-end=\"2216\">\n<p data-start=\"2167\" data-end=\"2216\">Apaiser la relation au corps et \u00e0 la nourriture<\/p>\n<\/li>\n<li data-start=\"2217\" data-end=\"2273\">\n<p data-start=\"2219\" data-end=\"2273\">Sortir du cycle restriction \/ culpabilit\u00e9 \/ craquage<\/p>\n<\/li>\n<li data-start=\"2274\" data-end=\"2322\">\n<p data-start=\"2276\" data-end=\"2322\">Avancer vers une perte de poids plus sereine<\/p>\n<\/li>\n<li data-start=\"2323\" data-end=\"2382\">\n<p data-start=\"2325\" data-end=\"2382\">Te sentir <strong data-start=\"2335\" data-end=\"2365\">en alliance avec ton corps<\/strong>, et non en lutte<\/p>\n<\/li>\n<\/ul>\n<h2 data-start=\"2389\" data-end=\"2411\">Format &amp; contenu<\/h2>\n<ul data-start=\"2413\" data-end=\"2542\">\n<li data-start=\"2413\" data-end=\"2437\">\n<p data-start=\"2415\" data-end=\"2437\">E-book num\u00e9rique (PDF)<\/p>\n<\/li>\n<li data-start=\"2438\" data-end=\"2468\">\n<p data-start=\"2440\" data-end=\"2468\">Lecture fluide et accessible<\/p>\n<\/li>\n<li data-start=\"2469\" data-end=\"2490\">\n<p data-start=\"2471\" data-end=\"2490\">\u00c0 lire \u00e0 ton rythme<\/p>\n<\/li>\n<li data-start=\"2491\" data-end=\"2542\">\n<p data-start=\"2493\" data-end=\"2542\">Consultable sur ordinateur, tablette ou t\u00e9l\u00e9phone<\/p>\n<\/li>\n<\/ul>\n<h2 data-start=\"2549\" data-end=\"2570\">Cadre &amp; posture<\/h2>\n<p data-start=\"2572\" data-end=\"2720\">Cet e-book s\u2019inscrit dans une d\u00e9marche de <strong data-start=\"2614\" data-end=\"2651\">bien-\u00eatre global et de pr\u00e9vention<\/strong>.<br data-start=\"2652\" data-end=\"2655\" \/>Il ne remplace pas un suivi m\u00e9dical, di\u00e9t\u00e9tique ou th\u00e9rapeutique.<\/p>\n<h2 data-start=\"2727\" data-end=\"2758\">\u00a0Envie d\u2019aller plus loin ?<\/h2>\n<blockquote data-start=\"2760\" data-end=\"2834\">\n<p data-start=\"2762\" data-end=\"2834\"><em data-start=\"2762\" data-end=\"2834\">Lire est un premier pas. \u00catre accompagn\u00e9(e) peut parfois tout changer.<\/em><\/p>\n<\/blockquote>\n<p data-start=\"2836\" data-end=\"2982\">Si tu ressens le besoin d\u2019\u00eatre \u00e9cout\u00e9(e), soutenu(e) et guid\u00e9(e) avec douceur, tu peux d\u00e9couvrir l\u2019accompagnement individuel associ\u00e9 \u00e0 cet e-book.<\/p>\n","protected":false},"excerpt":{"rendered":"<p>Description de l\u2019e-book Cet e-book est une invitation \u00e0 changer de regard sur le poids et le corps.Il s\u2019adresse \u00e0 toutes les personnes fatigu\u00e9es des r\u00e9gimes, du contr\u00f4le permanent et de la culpabilit\u00e9 alimentaire. \u00c0 travers une approche douce, p\u00e9dagogique et profond\u00e9ment humaine, tu d\u00e9couvriras pourquoi la perte de poids n\u2019est pas une question de [&hellip;]<\/p>\n","protected":false},"featured_media":720,"template":"","meta":[],"product_brand":[],"product_cat":[29],"product_tag":[],"class_list":{"0":"post-579","1":"product","2":"type-product","3":"status-publish","4":"has-post-thumbnail","6":"product_cat-outils-ressources","8":"first","9":"instock","10":"downloadable","11":"virtual","12":"purchasable","13":"product-type-simple"},"yoast_head":"<!-- This site is optimized with the Yoast SEO plugin v27.4 - https:\/\/yoast.com\/product\/yoast-seo-wordpress\/ -->\n<title>Ebook Faire la paix avec son sorps - Arcanes &amp; Cristaux<\/title>\n<meta name=\"robots\" content=\"index, follow, max-snippet:-1, max-image-preview:large, max-video-preview:-1\" \/>\n<link rel=\"canonical\" href=\"https:\/\/arcanesetcristaux.fr\/index.php\/produit\/perdre-du-poids-sans-lutter-contre-son-corps\/\" \/>\n<meta property=\"og:locale\" content=\"fr_FR\" \/>\n<meta property=\"og:type\" content=\"article\" \/>\n<meta property=\"og:title\" content=\"Ebook Faire la paix avec son sorps - Arcanes &amp; Cristaux\" \/>\n<meta property=\"og:description\" content=\"Description de l\u2019e-book Cet e-book est une invitation \u00e0 changer de regard sur le poids et le corps.Il s\u2019adresse \u00e0 toutes les personnes fatigu\u00e9es des r\u00e9gimes, du contr\u00f4le permanent et de la culpabilit\u00e9 alimentaire. \u00c0 travers une approche douce, p\u00e9dagogique et profond\u00e9ment humaine, tu d\u00e9couvriras pourquoi la perte de poids n\u2019est pas une question de [&hellip;]\" \/>\n<meta property=\"og:url\" content=\"https:\/\/arcanesetcristaux.fr\/index.php\/produit\/perdre-du-poids-sans-lutter-contre-son-corps\/\" \/>\n<meta property=\"og:site_name\" content=\"Arcanes &amp; Cristaux\" \/>\n<meta property=\"article:publisher\" content=\"https:\/\/www.facebook.com\/share\/15UmzuaSotv\/\" \/>\n<meta property=\"article:modified_time\" content=\"2026-03-26T09:02:19+00:00\" \/>\n<meta property=\"og:image\" content=\"https:\/\/arcanesetcristaux.fr\/wp-content\/uploads\/2026\/02\/Faire-la-paix-avec-son-corps-.png\" \/>\n\t<meta property=\"og:image:width\" content=\"512\" \/>\n\t<meta property=\"og:image:height\" content=\"800\" \/>\n\t<meta property=\"og:image:type\" content=\"image\/png\" \/>\n<meta name=\"twitter:card\" content=\"summary_large_image\" \/>\n<meta name=\"twitter:label1\" content=\"Dur\u00e9e de lecture estim\u00e9e\" \/>\n\t<meta name=\"twitter:data1\" content=\"3 minutes\" \/>\n<script type=\"application\/ld+json\" class=\"yoast-schema-graph\">{\"@context\":\"https:\\\/\\\/schema.org\",\"@graph\":[{\"@type\":\"WebPage\",\"@id\":\"https:\\\/\\\/arcanesetcristaux.fr\\\/index.php\\\/produit\\\/perdre-du-poids-sans-lutter-contre-son-corps\\\/\",\"url\":\"https:\\\/\\\/arcanesetcristaux.fr\\\/index.php\\\/produit\\\/perdre-du-poids-sans-lutter-contre-son-corps\\\/\",\"name\":\"Ebook Faire la paix avec son sorps - Arcanes &amp; Cristaux\",\"isPartOf\":{\"@id\":\"https:\\\/\\\/arcanesetcristaux.fr\\\/#website\"},\"primaryImageOfPage\":{\"@id\":\"https:\\\/\\\/arcanesetcristaux.fr\\\/index.php\\\/produit\\\/perdre-du-poids-sans-lutter-contre-son-corps\\\/#primaryimage\"},\"image\":{\"@id\":\"https:\\\/\\\/arcanesetcristaux.fr\\\/index.php\\\/produit\\\/perdre-du-poids-sans-lutter-contre-son-corps\\\/#primaryimage\"},\"thumbnailUrl\":\"https:\\\/\\\/arcanesetcristaux.fr\\\/wp-content\\\/uploads\\\/2026\\\/02\\\/Faire-la-paix-avec-son-corps-.png\",\"datePublished\":\"2026-02-06T13:41:06+00:00\",\"dateModified\":\"2026-03-26T09:02:19+00:00\",\"breadcrumb\":{\"@id\":\"https:\\\/\\\/arcanesetcristaux.fr\\\/index.php\\\/produit\\\/perdre-du-poids-sans-lutter-contre-son-corps\\\/#breadcrumb\"},\"inLanguage\":\"fr-FR\",\"potentialAction\":[{\"@type\":\"ReadAction\",\"target\":[\"https:\\\/\\\/arcanesetcristaux.fr\\\/index.php\\\/produit\\\/perdre-du-poids-sans-lutter-contre-son-corps\\\/\"]}]},{\"@type\":\"ImageObject\",\"inLanguage\":\"fr-FR\",\"@id\":\"https:\\\/\\\/arcanesetcristaux.fr\\\/index.php\\\/produit\\\/perdre-du-poids-sans-lutter-contre-son-corps\\\/#primaryimage\",\"url\":\"https:\\\/\\\/arcanesetcristaux.fr\\\/wp-content\\\/uploads\\\/2026\\\/02\\\/Faire-la-paix-avec-son-corps-.png\",\"contentUrl\":\"https:\\\/\\\/arcanesetcristaux.fr\\\/wp-content\\\/uploads\\\/2026\\\/02\\\/Faire-la-paix-avec-son-corps-.png\",\"width\":512,\"height\":800},{\"@type\":\"BreadcrumbList\",\"@id\":\"https:\\\/\\\/arcanesetcristaux.fr\\\/index.php\\\/produit\\\/perdre-du-poids-sans-lutter-contre-son-corps\\\/#breadcrumb\",\"itemListElement\":[{\"@type\":\"ListItem\",\"position\":1,\"name\":\"Accueil\",\"item\":\"https:\\\/\\\/arcanesetcristaux.fr\\\/\"},{\"@type\":\"ListItem\",\"position\":2,\"name\":\"Produits\",\"item\":\"https:\\\/\\\/arcanesetcristaux.fr\\\/index.php\\\/shop\\\/\"},{\"@type\":\"ListItem\",\"position\":3,\"name\":\"Ebook Faire la paix avec son sorps\"}]},{\"@type\":\"WebSite\",\"@id\":\"https:\\\/\\\/arcanesetcristaux.fr\\\/#website\",\"url\":\"https:\\\/\\\/arcanesetcristaux.fr\\\/\",\"name\":\"Arcanes et Cristaux\",\"description\":\"\",\"publisher\":{\"@id\":\"https:\\\/\\\/arcanesetcristaux.fr\\\/#organization\"},\"potentialAction\":[{\"@type\":\"SearchAction\",\"target\":{\"@type\":\"EntryPoint\",\"urlTemplate\":\"https:\\\/\\\/arcanesetcristaux.fr\\\/?s={search_term_string}\"},\"query-input\":{\"@type\":\"PropertyValueSpecification\",\"valueRequired\":true,\"valueName\":\"search_term_string\"}}],\"inLanguage\":\"fr-FR\"},{\"@type\":\"Organization\",\"@id\":\"https:\\\/\\\/arcanesetcristaux.fr\\\/#organization\",\"name\":\"Arcanes et Cristaux\",\"url\":\"https:\\\/\\\/arcanesetcristaux.fr\\\/\",\"logo\":{\"@type\":\"ImageObject\",\"inLanguage\":\"fr-FR\",\"@id\":\"https:\\\/\\\/arcanesetcristaux.fr\\\/#\\\/schema\\\/logo\\\/image\\\/\",\"url\":\"https:\\\/\\\/arcanesetcristaux.fr\\\/wp-content\\\/uploads\\\/2026\\\/01\\\/Logo-definitif-Arcanes-1.png\",\"contentUrl\":\"https:\\\/\\\/arcanesetcristaux.fr\\\/wp-content\\\/uploads\\\/2026\\\/01\\\/Logo-definitif-Arcanes-1.png\",\"width\":500,\"height\":500,\"caption\":\"Arcanes et Cristaux\"},\"image\":{\"@id\":\"https:\\\/\\\/arcanesetcristaux.fr\\\/#\\\/schema\\\/logo\\\/image\\\/\"},\"sameAs\":[\"https:\\\/\\\/www.facebook.com\\\/share\\\/15UmzuaSotv\\\/\"]}]}<\/script>\n<!-- \/ Yoast SEO plugin. -->","yoast_head_json":{"title":"Ebook Faire la paix avec son sorps - Arcanes &amp; Cristaux","robots":{"index":"index","follow":"follow","max-snippet":"max-snippet:-1","max-image-preview":"max-image-preview:large","max-video-preview":"max-video-preview:-1"},"canonical":"https:\/\/arcanesetcristaux.fr\/index.php\/produit\/perdre-du-poids-sans-lutter-contre-son-corps\/","og_locale":"fr_FR","og_type":"article","og_title":"Ebook Faire la paix avec son sorps - Arcanes &amp; Cristaux","og_description":"Description de l\u2019e-book Cet e-book est une invitation \u00e0 changer de regard sur le poids et le corps.Il s\u2019adresse \u00e0 toutes les personnes fatigu\u00e9es des r\u00e9gimes, du contr\u00f4le permanent et de la culpabilit\u00e9 alimentaire. \u00c0 travers une approche douce, p\u00e9dagogique et profond\u00e9ment humaine, tu d\u00e9couvriras pourquoi la perte de poids n\u2019est pas une question de [&hellip;]","og_url":"https:\/\/arcanesetcristaux.fr\/index.php\/produit\/perdre-du-poids-sans-lutter-contre-son-corps\/","og_site_name":"Arcanes &amp; Cristaux","article_publisher":"https:\/\/www.facebook.com\/share\/15UmzuaSotv\/","article_modified_time":"2026-03-26T09:02:19+00:00","og_image":[{"width":512,"height":800,"url":"https:\/\/arcanesetcristaux.fr\/wp-content\/uploads\/2026\/02\/Faire-la-paix-avec-son-corps-.png","type":"image\/png"}],"twitter_card":"summary_large_image","twitter_misc":{"Dur\u00e9e de lecture estim\u00e9e":"3 minutes"},"schema":{"@context":"https:\/\/schema.org","@graph":[{"@type":"WebPage","@id":"https:\/\/arcanesetcristaux.fr\/index.php\/produit\/perdre-du-poids-sans-lutter-contre-son-corps\/","url":"https:\/\/arcanesetcristaux.fr\/index.php\/produit\/perdre-du-poids-sans-lutter-contre-son-corps\/","name":"Ebook Faire la paix avec son sorps - Arcanes &amp; Cristaux","isPartOf":{"@id":"https:\/\/arcanesetcristaux.fr\/#website"},"primaryImageOfPage":{"@id":"https:\/\/arcanesetcristaux.fr\/index.php\/produit\/perdre-du-poids-sans-lutter-contre-son-corps\/#primaryimage"},"image":{"@id":"https:\/\/arcanesetcristaux.fr\/index.php\/produit\/perdre-du-poids-sans-lutter-contre-son-corps\/#primaryimage"},"thumbnailUrl":"https:\/\/arcanesetcristaux.fr\/wp-content\/uploads\/2026\/02\/Faire-la-paix-avec-son-corps-.png","datePublished":"2026-02-06T13:41:06+00:00","dateModified":"2026-03-26T09:02:19+00:00","breadcrumb":{"@id":"https:\/\/arcanesetcristaux.fr\/index.php\/produit\/perdre-du-poids-sans-lutter-contre-son-corps\/#breadcrumb"},"inLanguage":"fr-FR","potentialAction":[{"@type":"ReadAction","target":["https:\/\/arcanesetcristaux.fr\/index.php\/produit\/perdre-du-poids-sans-lutter-contre-son-corps\/"]}]},{"@type":"ImageObject","inLanguage":"fr-FR","@id":"https:\/\/arcanesetcristaux.fr\/index.php\/produit\/perdre-du-poids-sans-lutter-contre-son-corps\/#primaryimage","url":"https:\/\/arcanesetcristaux.fr\/wp-content\/uploads\/2026\/02\/Faire-la-paix-avec-son-corps-.png","contentUrl":"https:\/\/arcanesetcristaux.fr\/wp-content\/uploads\/2026\/02\/Faire-la-paix-avec-son-corps-.png","width":512,"height":800},{"@type":"BreadcrumbList","@id":"https:\/\/arcanesetcristaux.fr\/index.php\/produit\/perdre-du-poids-sans-lutter-contre-son-corps\/#breadcrumb","itemListElement":[{"@type":"ListItem","position":1,"name":"Accueil","item":"https:\/\/arcanesetcristaux.fr\/"},{"@type":"ListItem","position":2,"name":"Produits","item":"https:\/\/arcanesetcristaux.fr\/index.php\/shop\/"},{"@type":"ListItem","position":3,"name":"Ebook Faire la paix avec son sorps"}]},{"@type":"WebSite","@id":"https:\/\/arcanesetcristaux.fr\/#website","url":"https:\/\/arcanesetcristaux.fr\/","name":"Arcanes et Cristaux","description":"","publisher":{"@id":"https:\/\/arcanesetcristaux.fr\/#organization"},"potentialAction":[{"@type":"SearchAction","target":{"@type":"EntryPoint","urlTemplate":"https:\/\/arcanesetcristaux.fr\/?s={search_term_string}"},"query-input":{"@type":"PropertyValueSpecification","valueRequired":true,"valueName":"search_term_string"}}],"inLanguage":"fr-FR"},{"@type":"Organization","@id":"https:\/\/arcanesetcristaux.fr\/#organization","name":"Arcanes et Cristaux","url":"https:\/\/arcanesetcristaux.fr\/","logo":{"@type":"ImageObject","inLanguage":"fr-FR","@id":"https:\/\/arcanesetcristaux.fr\/#\/schema\/logo\/image\/","url":"https:\/\/arcanesetcristaux.fr\/wp-content\/uploads\/2026\/01\/Logo-definitif-Arcanes-1.png","contentUrl":"https:\/\/arcanesetcristaux.fr\/wp-content\/uploads\/2026\/01\/Logo-definitif-Arcanes-1.png","width":500,"height":500,"caption":"Arcanes et Cristaux"},"image":{"@id":"https:\/\/arcanesetcristaux.fr\/#\/schema\/logo\/image\/"},"sameAs":["https:\/\/www.facebook.com\/share\/15UmzuaSotv\/"]}]}},"_links":{"self":[{"href":"https:\/\/arcanesetcristaux.fr\/index.php\/wp-json\/wp\/v2\/product\/579","targetHints":{"allow":["GET"]}}],"collection":[{"href":"https:\/\/arcanesetcristaux.fr\/index.php\/wp-json\/wp\/v2\/product"}],"about":[{"href":"https:\/\/arcanesetcristaux.fr\/index.php\/wp-json\/wp\/v2\/types\/product"}],"wp:featuredmedia":[{"embeddable":true,"href":"https:\/\/arcanesetcristaux.fr\/index.php\/wp-json\/wp\/v2\/media\/720"}],"wp:attachment":[{"href":"https:\/\/arcanesetcristaux.fr\/index.php\/wp-json\/wp\/v2\/media?parent=579"}],"wp:term":[{"taxonomy":"product_brand","embeddable":true,"href":"https:\/\/arcanesetcristaux.fr\/index.php\/wp-json\/wp\/v2\/product_brand?post=579"},{"taxonomy":"product_cat","embeddable":true,"href":"https:\/\/arcanesetcristaux.fr\/index.php\/wp-json\/wp\/v2\/product_cat?post=579"},{"taxonomy":"product_tag","embeddable":true,"href":"https:\/\/arcanesetcristaux.fr\/index.php\/wp-json\/wp\/v2\/product_tag?post=579"}],"curies":[{"name":"wp","href":"https:\/\/api.w.org\/{rel}","templated":true}]}}