{"id":423,"date":"2026-01-31T13:37:13","date_gmt":"2026-01-31T13:37:13","guid":{"rendered":"https:\/\/arcanesetcristaux.fr\/?page_id=423"},"modified":"2026-01-31T14:16:21","modified_gmt":"2026-01-31T14:16:21","slug":"test-elementor","status":"publish","type":"page","link":"https:\/\/arcanesetcristaux.fr\/index.php\/test-elementor\/","title":{"rendered":"Politique de confidentialit\u00e9"},"content":{"rendered":"\t\t<div data-elementor-type=\"wp-page\" data-elementor-id=\"423\" class=\"elementor elementor-423\" data-elementor-post-type=\"page\">\n\t\t\t\t<div class=\"elementor-element elementor-element-8669d98 e-flex e-con-boxed e-con e-parent\" data-id=\"8669d98\" data-element_type=\"container\" data-e-type=\"container\">\n\t\t\t\t\t<div class=\"e-con-inner\">\n\t\t\t\t<div class=\"elementor-element elementor-element-45f7453 elementor-widget elementor-widget-heading\" data-id=\"45f7453\" data-element_type=\"widget\" data-e-type=\"widget\" data-widget_type=\"heading.default\">\n\t\t\t\t\t<h2 class=\"elementor-heading-title elementor-size-default\">Politique de confidentialit\u00e9<\/h2>\t\t\t\t<\/div>\n\t\t\t\t\t<\/div>\n\t\t\t\t<\/div>\n\t\t<div class=\"elementor-element elementor-element-e4b2b59 e-flex e-con-boxed e-con e-parent\" data-id=\"e4b2b59\" data-element_type=\"container\" data-e-type=\"container\">\n\t\t\t\t\t<div class=\"e-con-inner\">\n\t\t\t\t<div class=\"elementor-element elementor-element-fba29ff elementor-widget elementor-widget-text-editor\" data-id=\"fba29ff\" data-element_type=\"widget\" data-e-type=\"widget\" data-widget_type=\"text-editor.default\">\n\t\t\t\t\t\t\t\t\t<h2 data-start=\"196\" data-end=\"227\">Politique de confidentialit\u00e9<\/h2>\n<h3 data-start=\"229\" data-end=\"258\">1. Pr\u00e9sentation du site<\/h3>\n<p data-start=\"259\" data-end=\"428\">Le site <strong data-start=\"267\" data-end=\"289\">Arcanes &amp; Cristaux<\/strong> est \u00e9dit\u00e9 par une activit\u00e9 ind\u00e9pendante proposant des prestations d\u2019accompagnement en tarot, lithoth\u00e9rapie, ateliers et contenus associ\u00e9s.<\/p>\n<p data-start=\"430\" data-end=\"540\"><strong data-start=\"430\" data-end=\"471\">Responsable du traitement des donn\u00e9es<\/strong> :<br data-start=\"473\" data-end=\"476\">Arcanes &amp; Cristaux<br data-start=\"494\" data-end=\"497\"><img decoding=\"async\" draggable=\"false\" role=\"img\" class=\"emoji lazyload\" alt=\"\ud83d\udce7\" data-src=\"https:\/\/s.w.org\/images\/core\/emoji\/17.0.2\/svg\/1f4e7.svg\" src=\"data:image\/svg+xml;base64,PHN2ZyB3aWR0aD0iMSIgaGVpZ2h0PSIxIiB4bWxucz0iaHR0cDovL3d3dy53My5vcmcvMjAwMC9zdmciPjwvc3ZnPg==\"> Email : <a class=\"decorated-link cursor-pointer\" rel=\"noopener\" data-start=\"508\" data-end=\"538\">contact@arcanesetcristaux.fr<\/a><\/p>\n<p data-start=\"542\" data-end=\"628\">Le site est h\u00e9berg\u00e9 par :<br data-start=\"567\" data-end=\"570\"><strong data-start=\"570\" data-end=\"582\">OVHcloud<\/strong><br data-start=\"582\" data-end=\"585\">2 rue Kellermann \u2013 59100 Roubaix \u2013 France<\/p>\n<hr data-start=\"630\" data-end=\"633\">\n<h3 data-start=\"635\" data-end=\"675\">2. Donn\u00e9es personnelles collect\u00e9es<\/h3>\n<p data-start=\"677\" data-end=\"773\">Dans le cadre de son fonctionnement, le site peut collecter les donn\u00e9es personnelles suivantes :<\/p>\n<ul data-start=\"775\" data-end=\"1032\">\n<li data-start=\"775\" data-end=\"826\">\n<p data-start=\"777\" data-end=\"826\">Nom et pr\u00e9nom (si renseign\u00e9s par l\u2019utilisateur)<\/p>\n<\/li>\n<li data-start=\"827\" data-end=\"845\">\n<p data-start=\"829\" data-end=\"845\">Adresse e-mail<\/p>\n<\/li>\n<li data-start=\"846\" data-end=\"898\">\n<p data-start=\"848\" data-end=\"898\">Contenu des messages envoy\u00e9s via les formulaires<\/p>\n<\/li>\n<li data-start=\"899\" data-end=\"959\">\n<p data-start=\"901\" data-end=\"959\">Donn\u00e9es transmises lors de l\u2019inscription \u00e0 la newsletter<\/p>\n<\/li>\n<li data-start=\"960\" data-end=\"1032\">\n<p data-start=\"962\" data-end=\"1032\">Donn\u00e9es techniques : adresse IP, navigateur, pages consult\u00e9es, cookies<\/p>\n<\/li>\n<\/ul>\n<p data-start=\"1034\" data-end=\"1122\">Ces donn\u00e9es sont collect\u00e9es uniquement lorsque l\u2019utilisateur les fournit volontairement.<\/p>\n<hr data-start=\"1124\" data-end=\"1127\">\n<h3 data-start=\"1129\" data-end=\"1165\">3. Outils utilis\u00e9s (WordPress)<\/h3>\n<p data-start=\"1167\" data-end=\"1223\">Le site fonctionne sous <strong data-start=\"1191\" data-end=\"1204\">WordPress<\/strong> et peut utiliser :<\/p>\n<ul data-start=\"1225\" data-end=\"1458\">\n<li data-start=\"1225\" data-end=\"1284\">\n<p data-start=\"1227\" data-end=\"1284\">Des formulaires de contact (ex. : plugin de formulaire)<\/p>\n<\/li>\n<li data-start=\"1285\" data-end=\"1319\">\n<p data-start=\"1287\" data-end=\"1319\">Un outil d\u2019envoi de newsletter<\/p>\n<\/li>\n<li data-start=\"1320\" data-end=\"1391\">\n<p data-start=\"1322\" data-end=\"1391\">Des extensions techniques n\u00e9cessaires au bon fonctionnement du site<\/p>\n<\/li>\n<li data-start=\"1392\" data-end=\"1458\">\n<p data-start=\"1394\" data-end=\"1458\">Des cookies WordPress li\u00e9s \u00e0 la navigation ou \u00e0 l\u2019administration<\/p>\n<\/li>\n<\/ul>\n<p data-start=\"1460\" data-end=\"1548\">WordPress ne collecte aucune donn\u00e9e personnelle sans action volontaire de l\u2019utilisateur.<\/p>\n<hr data-start=\"1550\" data-end=\"1553\">\n<h3 data-start=\"1555\" data-end=\"1587\">4. Finalit\u00e9s du traitement<\/h3>\n<p data-start=\"1589\" data-end=\"1632\">Les donn\u00e9es collect\u00e9es ont pour objectifs :<\/p>\n<ul data-start=\"1634\" data-end=\"1912\">\n<li data-start=\"1634\" data-end=\"1688\">\n<p data-start=\"1636\" data-end=\"1688\">R\u00e9pondre aux demandes envoy\u00e9es via les formulaires<\/p>\n<\/li>\n<li data-start=\"1689\" data-end=\"1742\">\n<p data-start=\"1691\" data-end=\"1742\">G\u00e9rer les inscriptions et envois de la newsletter<\/p>\n<\/li>\n<li data-start=\"1743\" data-end=\"1798\">\n<p data-start=\"1745\" data-end=\"1798\">Assurer le suivi des \u00e9changes avec les utilisateurs<\/p>\n<\/li>\n<li data-start=\"1799\" data-end=\"1859\">\n<p data-start=\"1801\" data-end=\"1859\">Am\u00e9liorer l\u2019exp\u00e9rience utilisateur et le contenu du site<\/p>\n<\/li>\n<li data-start=\"1860\" data-end=\"1912\">\n<p data-start=\"1862\" data-end=\"1912\">R\u00e9pondre aux obligations l\u00e9gales et r\u00e9glementaires<\/p>\n<\/li>\n<\/ul>\n<p data-start=\"1914\" data-end=\"1995\">Aucune donn\u00e9e n\u2019est utilis\u00e9e \u00e0 des fins commerciales sans consentement explicite.<\/p>\n<hr data-start=\"1997\" data-end=\"2000\">\n<h3 data-start=\"2002\" data-end=\"2036\">5. Base l\u00e9gale du traitement<\/h3>\n<p data-start=\"2038\" data-end=\"2079\">Les traitements de donn\u00e9es reposent sur :<\/p>\n<ul data-start=\"2081\" data-end=\"2235\">\n<li data-start=\"2081\" data-end=\"2121\">\n<p data-start=\"2083\" data-end=\"2121\">Le <strong data-start=\"2086\" data-end=\"2102\">consentement<\/strong> de l\u2019utilisateur<\/p>\n<\/li>\n<li data-start=\"2122\" data-end=\"2194\">\n<p data-start=\"2124\" data-end=\"2194\">L\u2019<strong data-start=\"2126\" data-end=\"2146\">int\u00e9r\u00eat l\u00e9gitime<\/strong> du responsable du site (gestion des demandes)<\/p>\n<\/li>\n<li data-start=\"2195\" data-end=\"2235\">\n<p data-start=\"2197\" data-end=\"2235\">Le respect des <strong data-start=\"2212\" data-end=\"2235\">obligations l\u00e9gales<\/strong><\/p>\n<\/li>\n<\/ul>\n<hr data-start=\"2237\" data-end=\"2240\">\n<h3 data-start=\"2242\" data-end=\"2284\">6. Dur\u00e9e de conservation des donn\u00e9es<\/h3>\n<p data-start=\"2286\" data-end=\"2341\">Les donn\u00e9es sont conserv\u00e9es pendant une dur\u00e9e limit\u00e9e :<\/p>\n<ul data-start=\"2343\" data-end=\"2532\">\n<li data-start=\"2343\" data-end=\"2418\">\n<p data-start=\"2345\" data-end=\"2418\">Donn\u00e9es issues des formulaires : 3 ans maximum apr\u00e8s le dernier contact<\/p>\n<\/li>\n<li data-start=\"2419\" data-end=\"2480\">\n<p data-start=\"2421\" data-end=\"2480\">Donn\u00e9es li\u00e9es \u00e0 la newsletter : jusqu\u2019\u00e0 la d\u00e9sinscription<\/p>\n<\/li>\n<li data-start=\"2481\" data-end=\"2532\">\n<p data-start=\"2483\" data-end=\"2532\">Cookies : dur\u00e9e maximale l\u00e9gale selon leur nature<\/p>\n<\/li>\n<\/ul>\n<p data-start=\"2534\" data-end=\"2606\">L\u2019utilisateur peut demander la suppression de ses donn\u00e9es \u00e0 tout moment.<\/p>\n<hr data-start=\"2608\" data-end=\"2611\">\n<h3 data-start=\"2613\" data-end=\"2629\">7. Cookies<\/h3>\n<p data-start=\"2631\" data-end=\"2668\">Le site utilise des cookies afin de :<\/p>\n<ul data-start=\"2670\" data-end=\"2784\">\n<li data-start=\"2670\" data-end=\"2705\">\n<p data-start=\"2672\" data-end=\"2705\">Garantir son bon fonctionnement<\/p>\n<\/li>\n<li data-start=\"2706\" data-end=\"2733\">\n<p data-start=\"2708\" data-end=\"2733\">Faciliter la navigation<\/p>\n<\/li>\n<li data-start=\"2734\" data-end=\"2784\">\n<p data-start=\"2736\" data-end=\"2784\">Mesurer l\u2019audience et am\u00e9liorer les performances<\/p>\n<\/li>\n<\/ul>\n<p data-start=\"2786\" data-end=\"2974\">Lors de la premi\u00e8re visite, un bandeau de consentement permet d\u2019accepter ou de refuser les cookies non essentiels.<br data-start=\"2900\" data-end=\"2903\">Les pr\u00e9f\u00e9rences peuvent \u00eatre modifi\u00e9es \u00e0 tout moment via le navigateur.<\/p>\n<hr data-start=\"2976\" data-end=\"2979\">\n<h3 data-start=\"2981\" data-end=\"3025\">8. H\u00e9bergement et s\u00e9curit\u00e9 des donn\u00e9es<\/h3>\n<p data-start=\"3027\" data-end=\"3135\">Les donn\u00e9es sont h\u00e9berg\u00e9es sur des serveurs s\u00e9curis\u00e9s situ\u00e9s au sein de l\u2019Union europ\u00e9enne par <strong data-start=\"3122\" data-end=\"3134\">OVHcloud<\/strong>.<\/p>\n<p data-start=\"3137\" data-end=\"3317\">Toutes les mesures techniques et organisationnelles raisonnables sont mises en \u0153uvre pour prot\u00e9ger les donn\u00e9es personnelles contre la perte, l\u2019acc\u00e8s non autoris\u00e9 ou la divulgation.<\/p>\n<hr data-start=\"3319\" data-end=\"3322\">\n<h3 data-start=\"3324\" data-end=\"3356\">9. Droits des utilisateurs<\/h3>\n<p data-start=\"3358\" data-end=\"3478\">Conform\u00e9ment au R\u00e8glement G\u00e9n\u00e9ral sur la Protection des Donn\u00e9es (RGPD), chaque utilisateur dispose des droits suivants :<\/p>\n<ul data-start=\"3480\" data-end=\"3637\">\n<li data-start=\"3480\" data-end=\"3497\">\n<p data-start=\"3482\" data-end=\"3497\">Droit d\u2019acc\u00e8s<\/p>\n<\/li>\n<li data-start=\"3498\" data-end=\"3524\">\n<p data-start=\"3500\" data-end=\"3524\">Droit de rectification<\/p>\n<\/li>\n<li data-start=\"3525\" data-end=\"3549\">\n<p data-start=\"3527\" data-end=\"3549\">Droit \u00e0 l\u2019effacement<\/p>\n<\/li>\n<li data-start=\"3550\" data-end=\"3589\">\n<p data-start=\"3552\" data-end=\"3589\">Droit \u00e0 la limitation du traitement<\/p>\n<\/li>\n<li data-start=\"3590\" data-end=\"3612\">\n<p data-start=\"3592\" data-end=\"3612\">Droit d\u2019opposition<\/p>\n<\/li>\n<li data-start=\"3613\" data-end=\"3637\">\n<p data-start=\"3615\" data-end=\"3637\">Droit \u00e0 la portabilit\u00e9<\/p>\n<\/li>\n<\/ul>\n<p data-start=\"3639\" data-end=\"3725\">Toute demande peut \u00eatre adress\u00e9e par email \u00e0 :<br data-start=\"3685\" data-end=\"3688\"><img decoding=\"async\" draggable=\"false\" role=\"img\" class=\"emoji lazyload\" alt=\"\ud83d\udce7\" data-src=\"https:\/\/s.w.org\/images\/core\/emoji\/17.0.2\/svg\/1f4e7.svg\" src=\"data:image\/svg+xml;base64,PHN2ZyB3aWR0aD0iMSIgaGVpZ2h0PSIxIiB4bWxucz0iaHR0cDovL3d3dy53My5vcmcvMjAwMC9zdmciPjwvc3ZnPg==\"> <strong data-start=\"3691\" data-end=\"3725\"><a class=\"decorated-link cursor-pointer\" rel=\"noopener\" data-start=\"3693\" data-end=\"3723\">contact@arcanesetcristaux.fr<\/a><\/strong><\/p><p data-start=\"3639\" data-end=\"3725\">Une r\u00e9ponse sera apport\u00e9e dans un d\u00e9lai maximal d\u2019un mois.<\/p>\n<hr data-start=\"3787\" data-end=\"3790\">\n<h3 data-start=\"3792\" data-end=\"3830\">10. Modification de la politique<\/h3>\n<p data-start=\"3832\" data-end=\"4045\">Cette politique de confidentialit\u00e9 peut \u00eatre modifi\u00e9e \u00e0 tout moment afin de rester conforme aux \u00e9volutions l\u00e9gales ou techniques.<br data-start=\"3961\" data-end=\"3964\">La version en vigueur est celle publi\u00e9e sur le site au moment de la consultation.<\/p>\t\t\t\t\t\t\t\t<\/div>\n\t\t\t\t\t<\/div>\n\t\t\t\t<\/div>\n\t\t\t\t<\/div>\n\t\t","protected":false},"excerpt":{"rendered":"<p>Politique de confidentialit\u00e9 Politique de confidentialit\u00e9 1. Pr\u00e9sentation du site Le site Arcanes &amp; Cristaux est \u00e9dit\u00e9 par une activit\u00e9 ind\u00e9pendante proposant des prestations d\u2019accompagnement en tarot, lithoth\u00e9rapie, ateliers et contenus associ\u00e9s. Responsable du traitement des donn\u00e9es :Arcanes &amp; Cristaux Email : contact@arcanesetcristaux.fr Le site est h\u00e9berg\u00e9 par :OVHcloud2 rue Kellermann \u2013 59100 Roubaix \u2013 [&hellip;]<\/p>\n","protected":false},"author":1,"featured_media":0,"parent":0,"menu_order":0,"comment_status":"closed","ping_status":"closed","template":"","meta":{"footnotes":""},"class_list":["post-423","page","type-page","status-publish","hentry"],"yoast_head":"<!-- This site is optimized with the Yoast SEO plugin v27.4 - https:\/\/yoast.com\/product\/yoast-seo-wordpress\/ -->\n<title>Politique de confidentialit\u00e9 - Arcanes &amp; Cristaux<\/title>\n<meta name=\"robots\" content=\"index, follow, max-snippet:-1, max-image-preview:large, max-video-preview:-1\" \/>\n<link rel=\"canonical\" href=\"https:\/\/arcanesetcristaux.fr\/index.php\/test-elementor\/\" \/>\n<meta property=\"og:locale\" content=\"fr_FR\" \/>\n<meta property=\"og:type\" content=\"article\" \/>\n<meta property=\"og:title\" content=\"Politique de confidentialit\u00e9 - Arcanes &amp; Cristaux\" \/>\n<meta property=\"og:description\" content=\"Politique de confidentialit\u00e9 Politique de confidentialit\u00e9 1. Pr\u00e9sentation du site Le site Arcanes &amp; Cristaux est \u00e9dit\u00e9 par une activit\u00e9 ind\u00e9pendante proposant des prestations d\u2019accompagnement en tarot, lithoth\u00e9rapie, ateliers et contenus associ\u00e9s. Responsable du traitement des donn\u00e9es :Arcanes &amp; Cristaux Email : contact@arcanesetcristaux.fr Le site est h\u00e9berg\u00e9 par :OVHcloud2 rue Kellermann \u2013 59100 Roubaix \u2013 [&hellip;]\" \/>\n<meta property=\"og:url\" content=\"https:\/\/arcanesetcristaux.fr\/index.php\/test-elementor\/\" \/>\n<meta property=\"og:site_name\" content=\"Arcanes &amp; Cristaux\" \/>\n<meta property=\"article:publisher\" content=\"https:\/\/www.facebook.com\/share\/15UmzuaSotv\/\" \/>\n<meta property=\"article:modified_time\" content=\"2026-01-31T14:16:21+00:00\" \/>\n<meta property=\"og:image\" content=\"https:\/\/s.w.org\/images\/core\/emoji\/17.0.2\/svg\/1f4e7.svg\" \/>\n<meta name=\"twitter:card\" content=\"summary_large_image\" \/>\n<meta name=\"twitter:label1\" content=\"Dur\u00e9e de lecture estim\u00e9e\" \/>\n\t<meta name=\"twitter:data1\" content=\"3 minutes\" \/>\n<script type=\"application\/ld+json\" class=\"yoast-schema-graph\">{\"@context\":\"https:\\\/\\\/schema.org\",\"@graph\":[{\"@type\":\"WebPage\",\"@id\":\"https:\\\/\\\/arcanesetcristaux.fr\\\/index.php\\\/test-elementor\\\/\",\"url\":\"https:\\\/\\\/arcanesetcristaux.fr\\\/index.php\\\/test-elementor\\\/\",\"name\":\"Politique de confidentialit\u00e9 - Arcanes &amp; Cristaux\",\"isPartOf\":{\"@id\":\"https:\\\/\\\/arcanesetcristaux.fr\\\/#website\"},\"primaryImageOfPage\":{\"@id\":\"https:\\\/\\\/arcanesetcristaux.fr\\\/index.php\\\/test-elementor\\\/#primaryimage\"},\"image\":{\"@id\":\"https:\\\/\\\/arcanesetcristaux.fr\\\/index.php\\\/test-elementor\\\/#primaryimage\"},\"thumbnailUrl\":\"https:\\\/\\\/s.w.org\\\/images\\\/core\\\/emoji\\\/17.0.2\\\/svg\\\/1f4e7.svg\",\"datePublished\":\"2026-01-31T13:37:13+00:00\",\"dateModified\":\"2026-01-31T14:16:21+00:00\",\"breadcrumb\":{\"@id\":\"https:\\\/\\\/arcanesetcristaux.fr\\\/index.php\\\/test-elementor\\\/#breadcrumb\"},\"inLanguage\":\"fr-FR\",\"potentialAction\":[{\"@type\":\"ReadAction\",\"target\":[\"https:\\\/\\\/arcanesetcristaux.fr\\\/index.php\\\/test-elementor\\\/\"]}]},{\"@type\":\"ImageObject\",\"inLanguage\":\"fr-FR\",\"@id\":\"https:\\\/\\\/arcanesetcristaux.fr\\\/index.php\\\/test-elementor\\\/#primaryimage\",\"url\":\"https:\\\/\\\/s.w.org\\\/images\\\/core\\\/emoji\\\/17.0.2\\\/svg\\\/1f4e7.svg\",\"contentUrl\":\"https:\\\/\\\/s.w.org\\\/images\\\/core\\\/emoji\\\/17.0.2\\\/svg\\\/1f4e7.svg\"},{\"@type\":\"BreadcrumbList\",\"@id\":\"https:\\\/\\\/arcanesetcristaux.fr\\\/index.php\\\/test-elementor\\\/#breadcrumb\",\"itemListElement\":[{\"@type\":\"ListItem\",\"position\":1,\"name\":\"Accueil\",\"item\":\"https:\\\/\\\/arcanesetcristaux.fr\\\/\"},{\"@type\":\"ListItem\",\"position\":2,\"name\":\"Politique de confidentialit\u00e9\"}]},{\"@type\":\"WebSite\",\"@id\":\"https:\\\/\\\/arcanesetcristaux.fr\\\/#website\",\"url\":\"https:\\\/\\\/arcanesetcristaux.fr\\\/\",\"name\":\"Arcanes et Cristaux\",\"description\":\"\",\"publisher\":{\"@id\":\"https:\\\/\\\/arcanesetcristaux.fr\\\/#organization\"},\"potentialAction\":[{\"@type\":\"SearchAction\",\"target\":{\"@type\":\"EntryPoint\",\"urlTemplate\":\"https:\\\/\\\/arcanesetcristaux.fr\\\/?s={search_term_string}\"},\"query-input\":{\"@type\":\"PropertyValueSpecification\",\"valueRequired\":true,\"valueName\":\"search_term_string\"}}],\"inLanguage\":\"fr-FR\"},{\"@type\":\"Organization\",\"@id\":\"https:\\\/\\\/arcanesetcristaux.fr\\\/#organization\",\"name\":\"Arcanes et Cristaux\",\"url\":\"https:\\\/\\\/arcanesetcristaux.fr\\\/\",\"logo\":{\"@type\":\"ImageObject\",\"inLanguage\":\"fr-FR\",\"@id\":\"https:\\\/\\\/arcanesetcristaux.fr\\\/#\\\/schema\\\/logo\\\/image\\\/\",\"url\":\"https:\\\/\\\/arcanesetcristaux.fr\\\/wp-content\\\/uploads\\\/2026\\\/01\\\/Logo-definitif-Arcanes-1.png\",\"contentUrl\":\"https:\\\/\\\/arcanesetcristaux.fr\\\/wp-content\\\/uploads\\\/2026\\\/01\\\/Logo-definitif-Arcanes-1.png\",\"width\":500,\"height\":500,\"caption\":\"Arcanes et Cristaux\"},\"image\":{\"@id\":\"https:\\\/\\\/arcanesetcristaux.fr\\\/#\\\/schema\\\/logo\\\/image\\\/\"},\"sameAs\":[\"https:\\\/\\\/www.facebook.com\\\/share\\\/15UmzuaSotv\\\/\"]}]}<\/script>\n<!-- \/ Yoast SEO plugin. -->","yoast_head_json":{"title":"Politique de confidentialit\u00e9 - Arcanes &amp; Cristaux","robots":{"index":"index","follow":"follow","max-snippet":"max-snippet:-1","max-image-preview":"max-image-preview:large","max-video-preview":"max-video-preview:-1"},"canonical":"https:\/\/arcanesetcristaux.fr\/index.php\/test-elementor\/","og_locale":"fr_FR","og_type":"article","og_title":"Politique de confidentialit\u00e9 - Arcanes &amp; Cristaux","og_description":"Politique de confidentialit\u00e9 Politique de confidentialit\u00e9 1. Pr\u00e9sentation du site Le site Arcanes &amp; Cristaux est \u00e9dit\u00e9 par une activit\u00e9 ind\u00e9pendante proposant des prestations d\u2019accompagnement en tarot, lithoth\u00e9rapie, ateliers et contenus associ\u00e9s. Responsable du traitement des donn\u00e9es :Arcanes &amp; Cristaux Email : contact@arcanesetcristaux.fr Le site est h\u00e9berg\u00e9 par :OVHcloud2 rue Kellermann \u2013 59100 Roubaix \u2013 [&hellip;]","og_url":"https:\/\/arcanesetcristaux.fr\/index.php\/test-elementor\/","og_site_name":"Arcanes &amp; Cristaux","article_publisher":"https:\/\/www.facebook.com\/share\/15UmzuaSotv\/","article_modified_time":"2026-01-31T14:16:21+00:00","og_image":[{"url":"https:\/\/s.w.org\/images\/core\/emoji\/17.0.2\/svg\/1f4e7.svg","type":"","width":"","height":""}],"twitter_card":"summary_large_image","twitter_misc":{"Dur\u00e9e de lecture estim\u00e9e":"3 minutes"},"schema":{"@context":"https:\/\/schema.org","@graph":[{"@type":"WebPage","@id":"https:\/\/arcanesetcristaux.fr\/index.php\/test-elementor\/","url":"https:\/\/arcanesetcristaux.fr\/index.php\/test-elementor\/","name":"Politique de confidentialit\u00e9 - Arcanes &amp; Cristaux","isPartOf":{"@id":"https:\/\/arcanesetcristaux.fr\/#website"},"primaryImageOfPage":{"@id":"https:\/\/arcanesetcristaux.fr\/index.php\/test-elementor\/#primaryimage"},"image":{"@id":"https:\/\/arcanesetcristaux.fr\/index.php\/test-elementor\/#primaryimage"},"thumbnailUrl":"https:\/\/s.w.org\/images\/core\/emoji\/17.0.2\/svg\/1f4e7.svg","datePublished":"2026-01-31T13:37:13+00:00","dateModified":"2026-01-31T14:16:21+00:00","breadcrumb":{"@id":"https:\/\/arcanesetcristaux.fr\/index.php\/test-elementor\/#breadcrumb"},"inLanguage":"fr-FR","potentialAction":[{"@type":"ReadAction","target":["https:\/\/arcanesetcristaux.fr\/index.php\/test-elementor\/"]}]},{"@type":"ImageObject","inLanguage":"fr-FR","@id":"https:\/\/arcanesetcristaux.fr\/index.php\/test-elementor\/#primaryimage","url":"https:\/\/s.w.org\/images\/core\/emoji\/17.0.2\/svg\/1f4e7.svg","contentUrl":"https:\/\/s.w.org\/images\/core\/emoji\/17.0.2\/svg\/1f4e7.svg"},{"@type":"BreadcrumbList","@id":"https:\/\/arcanesetcristaux.fr\/index.php\/test-elementor\/#breadcrumb","itemListElement":[{"@type":"ListItem","position":1,"name":"Accueil","item":"https:\/\/arcanesetcristaux.fr\/"},{"@type":"ListItem","position":2,"name":"Politique de confidentialit\u00e9"}]},{"@type":"WebSite","@id":"https:\/\/arcanesetcristaux.fr\/#website","url":"https:\/\/arcanesetcristaux.fr\/","name":"Arcanes et Cristaux","description":"","publisher":{"@id":"https:\/\/arcanesetcristaux.fr\/#organization"},"potentialAction":[{"@type":"SearchAction","target":{"@type":"EntryPoint","urlTemplate":"https:\/\/arcanesetcristaux.fr\/?s={search_term_string}"},"query-input":{"@type":"PropertyValueSpecification","valueRequired":true,"valueName":"search_term_string"}}],"inLanguage":"fr-FR"},{"@type":"Organization","@id":"https:\/\/arcanesetcristaux.fr\/#organization","name":"Arcanes et Cristaux","url":"https:\/\/arcanesetcristaux.fr\/","logo":{"@type":"ImageObject","inLanguage":"fr-FR","@id":"https:\/\/arcanesetcristaux.fr\/#\/schema\/logo\/image\/","url":"https:\/\/arcanesetcristaux.fr\/wp-content\/uploads\/2026\/01\/Logo-definitif-Arcanes-1.png","contentUrl":"https:\/\/arcanesetcristaux.fr\/wp-content\/uploads\/2026\/01\/Logo-definitif-Arcanes-1.png","width":500,"height":500,"caption":"Arcanes et Cristaux"},"image":{"@id":"https:\/\/arcanesetcristaux.fr\/#\/schema\/logo\/image\/"},"sameAs":["https:\/\/www.facebook.com\/share\/15UmzuaSotv\/"]}]}},"_links":{"self":[{"href":"https:\/\/arcanesetcristaux.fr\/index.php\/wp-json\/wp\/v2\/pages\/423","targetHints":{"allow":["GET"]}}],"collection":[{"href":"https:\/\/arcanesetcristaux.fr\/index.php\/wp-json\/wp\/v2\/pages"}],"about":[{"href":"https:\/\/arcanesetcristaux.fr\/index.php\/wp-json\/wp\/v2\/types\/page"}],"author":[{"embeddable":true,"href":"https:\/\/arcanesetcristaux.fr\/index.php\/wp-json\/wp\/v2\/users\/1"}],"replies":[{"embeddable":true,"href":"https:\/\/arcanesetcristaux.fr\/index.php\/wp-json\/wp\/v2\/comments?post=423"}],"version-history":[{"count":17,"href":"https:\/\/arcanesetcristaux.fr\/index.php\/wp-json\/wp\/v2\/pages\/423\/revisions"}],"predecessor-version":[{"id":444,"href":"https:\/\/arcanesetcristaux.fr\/index.php\/wp-json\/wp\/v2\/pages\/423\/revisions\/444"}],"wp:attachment":[{"href":"https:\/\/arcanesetcristaux.fr\/index.php\/wp-json\/wp\/v2\/media?parent=423"}],"curies":[{"name":"wp","href":"https:\/\/api.w.org\/{rel}","templated":true}]}}