{"id":259,"date":"2026-01-19T15:09:59","date_gmt":"2026-01-19T15:09:59","guid":{"rendered":"https:\/\/arcanesetcristaux.fr\/?page_id=259"},"modified":"2026-03-16T09:11:59","modified_gmt":"2026-03-16T09:11:59","slug":"lithotherapie","status":"publish","type":"page","link":"https:\/\/arcanesetcristaux.fr\/index.php\/lithotherapie\/","title":{"rendered":"LITHOTHERAPIE"},"content":{"rendered":"\t\t<div data-elementor-type=\"wp-page\" data-elementor-id=\"259\" class=\"elementor elementor-259\" data-elementor-post-type=\"page\">\n\t\t\t\t<div class=\"elementor-element elementor-element-0bf839a e-flex e-con-boxed e-con e-parent\" data-id=\"0bf839a\" data-element_type=\"container\" data-e-type=\"container\" data-settings=\"{&quot;background_background&quot;:&quot;classic&quot;}\">\n\t\t\t\t\t<div class=\"e-con-inner\">\n\t\t\t\t<div class=\"elementor-element elementor-element-982f943 elementor-widget elementor-widget-heading\" data-id=\"982f943\" data-element_type=\"widget\" data-e-type=\"widget\" data-widget_type=\"heading.default\">\n\t\t\t\t\t<h2 class=\"elementor-heading-title elementor-size-default\">La lithoth\u00e9rapie : le souffle de la Terre<\/h2>\t\t\t\t<\/div>\n\t\t\t\t\t<\/div>\n\t\t\t\t<\/div>\n\t\t<div class=\"elementor-element elementor-element-963d50f e-flex e-con-boxed e-con e-parent\" data-id=\"963d50f\" data-element_type=\"container\" data-e-type=\"container\">\n\t\t\t\t\t<div class=\"e-con-inner\">\n\t\t<div class=\"elementor-element elementor-element-7ed6c8b e-con-full e-flex e-con e-child\" data-id=\"7ed6c8b\" data-element_type=\"container\" data-e-type=\"container\">\n\t\t\t\t<div class=\"elementor-element elementor-element-e17e78d elementor-widget elementor-widget-image\" data-id=\"e17e78d\" data-element_type=\"widget\" data-e-type=\"widget\" data-widget_type=\"image.default\">\n\t\t\t\t\t\t\t\t\t\t\t\t\t\t\t<img fetchpriority=\"high\" decoding=\"async\" width=\"800\" height=\"800\" src=\"https:\/\/arcanesetcristaux.fr\/wp-content\/uploads\/2026\/01\/ChatGPT-Image-20-janv.-2026-13_24_33.jpg\" class=\"attachment-large size-large wp-image-414\" alt=\"\" srcset=\"https:\/\/arcanesetcristaux.fr\/wp-content\/uploads\/2026\/01\/ChatGPT-Image-20-janv.-2026-13_24_33.jpg 800w, https:\/\/arcanesetcristaux.fr\/wp-content\/uploads\/2026\/01\/ChatGPT-Image-20-janv.-2026-13_24_33-300x300.jpg 300w, https:\/\/arcanesetcristaux.fr\/wp-content\/uploads\/2026\/01\/ChatGPT-Image-20-janv.-2026-13_24_33-100x100.jpg 100w, https:\/\/arcanesetcristaux.fr\/wp-content\/uploads\/2026\/01\/ChatGPT-Image-20-janv.-2026-13_24_33-600x600.jpg 600w, https:\/\/arcanesetcristaux.fr\/wp-content\/uploads\/2026\/01\/ChatGPT-Image-20-janv.-2026-13_24_33-150x150.jpg 150w, https:\/\/arcanesetcristaux.fr\/wp-content\/uploads\/2026\/01\/ChatGPT-Image-20-janv.-2026-13_24_33-768x768.jpg 768w\" sizes=\"(max-width: 800px) 100vw, 800px\" \/>\t\t\t\t\t\t\t\t\t\t\t\t\t\t\t<\/div>\n\t\t\t\t<\/div>\n\t\t<div class=\"elementor-element elementor-element-f00a1a3 e-con-full e-flex e-con e-child\" data-id=\"f00a1a3\" data-element_type=\"container\" data-e-type=\"container\">\n\t\t\t\t<div class=\"elementor-element elementor-element-8258a3b elementor-widget elementor-widget-text-editor\" data-id=\"8258a3b\" data-element_type=\"widget\" data-e-type=\"widget\" data-widget_type=\"text-editor.default\">\n\t\t\t\t\t\t\t\t\t<h2 data-path-to-node=\"3\"><strong>L\u2019\u00e9nergie douce du monde min\u00e9ral<\/strong><\/h2><p data-path-to-node=\"4\">La lithoth\u00e9rapie est l&rsquo;art de rencontrer la pierre qui saura r\u00e9sonner avec votre \u00e9tat int\u00e9rieur. Chaque cristal porte en lui une structure et une vibration uniques, capables d&rsquo;apaiser une \u00e9motion, de renforcer un ancrage ou d&rsquo;encourager un \u00e9lan de vie.<\/p><p data-path-to-node=\"5\">Pour moi, choisir une pierre est un acte de <b data-path-to-node=\"5\" data-index-in-node=\"44\">soin de soi<\/b>. C\u2019est s\u2019offrir une alli\u00e9e silencieuse qui, par sa simple pr\u00e9sence, nous rappelle notre intention de retrouver l&rsquo;\u00e9quilibre.<\/p>\t\t\t\t\t\t\t\t<\/div>\n\t\t\t\t<\/div>\n\t\t\t\t\t<\/div>\n\t\t\t\t<\/div>\n\t\t<div class=\"elementor-element elementor-element-14dd30b e-flex e-con-boxed e-con e-parent\" data-id=\"14dd30b\" data-element_type=\"container\" data-e-type=\"container\" data-settings=\"{&quot;background_background&quot;:&quot;classic&quot;}\">\n\t\t\t\t\t<div class=\"e-con-inner\">\n\t\t\t\t<div class=\"elementor-element elementor-element-749d7da elementor-widget elementor-widget-heading\" data-id=\"749d7da\" data-element_type=\"widget\" data-e-type=\"widget\" data-widget_type=\"heading.default\">\n\t\t\t\t\t<h2 class=\"elementor-heading-title elementor-size-default\">Comment int\u00e9grer les pierres \u00e0 votre vie ?<\/h2>\t\t\t\t<\/div>\n\t\t\t\t\t<\/div>\n\t\t\t\t<\/div>\n\t\t<div class=\"elementor-element elementor-element-90d7ddb e-flex e-con-boxed e-con e-parent\" data-id=\"90d7ddb\" data-element_type=\"container\" data-e-type=\"container\">\n\t\t\t\t\t<div class=\"e-con-inner\">\n\t\t\t\t<div class=\"elementor-element elementor-element-f7b4d8a elementor-widget elementor-widget-text-editor\" data-id=\"f7b4d8a\" data-element_type=\"widget\" data-e-type=\"widget\" data-widget_type=\"text-editor.default\">\n\t\t\t\t\t\t\t\t\t<h3 data-path-to-node=\"11\">La lithoth\u00e9rapie ne demande pas de rituel complexe, elle demande de la pr\u00e9sence. Je vous accompagne pour apprendre \u00e0 :<\/h3><ol start=\"1\" data-path-to-node=\"13\"><li><p data-path-to-node=\"13,0,0\"><b data-path-to-node=\"13,0,0\" data-index-in-node=\"0\">\u00c9couter votre ressenti :<\/b> Quelle pierre vous attire aujourd&rsquo;hui ?<\/p><\/li><li><p data-path-to-node=\"13,1,0\"><b data-path-to-node=\"13,1,0\" data-index-in-node=\"0\">Cr\u00e9er un lien :<\/b> Comment porter ou disposer la pierre pour b\u00e9n\u00e9ficier de son calme.<\/p><\/li><li><p data-path-to-node=\"13,2,0\"><b data-path-to-node=\"13,2,0\" data-index-in-node=\"0\">Entretenir votre alli\u00e9e :<\/b> Les gestes simples pour nettoyer et recharger vos cristaux.<\/p><\/li><\/ol><blockquote data-path-to-node=\"14\"><p data-path-to-node=\"14,0\"><i data-path-to-node=\"14,0\" data-index-in-node=\"0\">\u00ab\u00a0Une pierre ne change pas votre vie, elle vous aide \u00e0 trouver la force en vous de la transformer.\u00a0\u00bb<\/i><\/p><\/blockquote><p data-start=\"1803\" data-end=\"1895\">Les accompagnements peuvent se faire en individuel, en atelier, en pr\u00e9sentiel ou \u00e0 distance.<\/p>\t\t\t\t\t\t\t\t<\/div>\n\t\t\t\t\t<\/div>\n\t\t\t\t<\/div>\n\t\t<div class=\"elementor-element elementor-element-58417ac e-flex e-con-boxed e-con e-parent\" data-id=\"58417ac\" data-element_type=\"container\" data-e-type=\"container\" data-settings=\"{&quot;background_background&quot;:&quot;classic&quot;}\">\n\t\t\t\t\t<div class=\"e-con-inner\">\n\t\t\t\t<div class=\"elementor-element elementor-element-ed6c88f elementor-widget elementor-widget-heading\" data-id=\"ed6c88f\" data-element_type=\"widget\" data-e-type=\"widget\" data-widget_type=\"heading.default\">\n\t\t\t\t\t<h2 class=\"elementor-heading-title elementor-size-default\">Une approche sur mesure<\/h2>\t\t\t\t<\/div>\n\t\t\t\t\t<\/div>\n\t\t\t\t<\/div>\n\t\t<div class=\"elementor-element elementor-element-ceae43c e-flex e-con-boxed e-con e-parent\" data-id=\"ceae43c\" data-element_type=\"container\" data-e-type=\"container\">\n\t\t\t\t\t<div class=\"e-con-inner\">\n\t\t\t\t<div class=\"elementor-element elementor-element-898bb0d elementor-widget elementor-widget-text-editor\" data-id=\"898bb0d\" data-element_type=\"widget\" data-e-type=\"widget\" data-widget_type=\"text-editor.default\">\n\t\t\t\t\t\t\t\t\t<p data-path-to-node=\"17\">Si vous ne savez pas vers quelle pierre vous tourner, nous pouvons en discuter lors d&rsquo;une <b data-path-to-node=\"17\" data-index-in-node=\"90\">consultation d&rsquo;harmonisation<\/b>. Je pourrai alors s\u00e9lectionner pour vous le min\u00e9ral qui correspond le mieux \u00e0 votre m\u00e9tabolisme et \u00e0 l&rsquo;alignement de vos chakras du moment.<\/p>\t\t\t\t\t\t\t\t<\/div>\n\t\t\t\t\t<\/div>\n\t\t\t\t<\/div>\n\t\t<div class=\"elementor-element elementor-element-24f8399 e-flex e-con-boxed e-con e-parent\" data-id=\"24f8399\" data-element_type=\"container\" data-e-type=\"container\" data-settings=\"{&quot;background_background&quot;:&quot;classic&quot;}\">\n\t\t\t\t\t<div class=\"e-con-inner\">\n\t\t\t\t<div class=\"elementor-element elementor-element-9e60dcf elementor-widget elementor-widget-heading\" data-id=\"9e60dcf\" data-element_type=\"widget\" data-e-type=\"widget\" data-widget_type=\"heading.default\">\n\t\t\t\t\t<h2 class=\"elementor-heading-title elementor-size-default\">Une approche consciente et respectueuse<\/h2>\t\t\t\t<\/div>\n\t\t\t\t\t<\/div>\n\t\t\t\t<\/div>\n\t\t<div class=\"elementor-element elementor-element-5e8e40a e-flex e-con-boxed e-con e-parent\" data-id=\"5e8e40a\" data-element_type=\"container\" data-e-type=\"container\">\n\t\t\t\t\t<div class=\"e-con-inner\">\n\t\t\t\t<div class=\"elementor-element elementor-element-2f25382 elementor-widget elementor-widget-text-editor\" data-id=\"2f25382\" data-element_type=\"widget\" data-e-type=\"widget\" data-widget_type=\"text-editor.default\">\n\t\t\t\t\t\t\t\t\t<p data-start=\"2412\" data-end=\"2580\">Les pierres n\u2019agissent pas seules : elles accompagnent un cheminement personnel, en compl\u00e9ment de votre propre d\u00e9marche, de vos choix et de votre engagement int\u00e9rieur.<\/p><p data-start=\"2582\" data-end=\"2697\">Chaque accompagnement se d\u00e9roule dans un cadre bienveillant, sans jugement et dans le respect de votre sensibilit\u00e9.<\/p>\t\t\t\t\t\t\t\t<\/div>\n\t\t\t\t\t<\/div>\n\t\t\t\t<\/div>\n\t\t<div class=\"elementor-element elementor-element-d481e3b e-flex e-con-boxed e-con e-parent\" data-id=\"d481e3b\" data-element_type=\"container\" data-e-type=\"container\" data-settings=\"{&quot;background_background&quot;:&quot;classic&quot;}\">\n\t\t\t\t\t<div class=\"e-con-inner\">\n\t\t\t\t<div class=\"elementor-element elementor-element-6ba4656 elementor-widget elementor-widget-heading\" data-id=\"6ba4656\" data-element_type=\"widget\" data-e-type=\"widget\" data-widget_type=\"heading.default\">\n\t\t\t\t\t<h2 class=\"elementor-heading-title elementor-size-default\">Associer lithoth\u00e9rapie et tarot<\/h2>\t\t\t\t<\/div>\n\t\t\t\t\t<\/div>\n\t\t\t\t<\/div>\n\t\t<div class=\"elementor-element elementor-element-91dae92 e-flex e-con-boxed e-con e-parent\" data-id=\"91dae92\" data-element_type=\"container\" data-e-type=\"container\">\n\t\t\t\t\t<div class=\"e-con-inner\">\n\t\t\t\t<div class=\"elementor-element elementor-element-9857875 elementor-widget elementor-widget-text-editor\" data-id=\"9857875\" data-element_type=\"widget\" data-e-type=\"widget\" data-widget_type=\"text-editor.default\">\n\t\t\t\t\t\t\t\t\t<p data-start=\"2742\" data-end=\"2942\">La lithoth\u00e9rapie s\u2019int\u00e8gre naturellement aux s\u00e9ances de tarot.<br data-start=\"2804\" data-end=\"2807\" \/>L\u00e0 o\u00f9 le tarot \u00e9claire et met en lumi\u00e8re, les pierres accompagnent dans la dur\u00e9e et soutiennent l\u2019int\u00e9gration des prises de conscience.<\/p><p data-start=\"2944\" data-end=\"3009\">Ensemble, ils offrent un accompagnement global, doux et coh\u00e9rent.<\/p>\t\t\t\t\t\t\t\t<\/div>\n\t\t\t\t\t<\/div>\n\t\t\t\t<\/div>\n\t\t<div class=\"elementor-element elementor-element-2964536 e-flex e-con-boxed e-con e-parent\" data-id=\"2964536\" data-element_type=\"container\" data-e-type=\"container\" data-settings=\"{&quot;background_background&quot;:&quot;classic&quot;}\">\n\t\t\t\t\t<div class=\"e-con-inner\">\n\t\t\t\t<div class=\"elementor-element elementor-element-8bb6913 elementor-widget elementor-widget-heading\" data-id=\"8bb6913\" data-element_type=\"widget\" data-e-type=\"widget\" data-widget_type=\"heading.default\">\n\t\t\t\t\t<h2 class=\"elementor-heading-title elementor-size-default\">Envie d'une s\u00e9ance de lithoth\u00e9rapie ?<\/h2>\t\t\t\t<\/div>\n\t\t\t\t\t<\/div>\n\t\t\t\t<\/div>\n\t\t<div class=\"elementor-element elementor-element-9da3826 e-flex e-con-boxed e-con e-parent\" data-id=\"9da3826\" data-element_type=\"container\" data-e-type=\"container\">\n\t\t\t\t\t<div class=\"e-con-inner\">\n\t\t\t\t<div class=\"elementor-element elementor-element-7731201 elementor-align-center elementor-widget elementor-widget-button\" data-id=\"7731201\" data-element_type=\"widget\" data-e-type=\"widget\" data-widget_type=\"button.default\">\n\t\t\t\t\t\t\t\t\t\t<a class=\"elementor-button elementor-button-link elementor-size-sm\" href=\"https:\/\/arcanesetcristaux.fr\/index.php\/ressources\/\">\n\t\t\t\t\t\t<span class=\"elementor-button-content-wrapper\">\n\t\t\t\t\t\t\t\t\t<span class=\"elementor-button-text\">R\u00e9server un accompagnement<\/span>\n\t\t\t\t\t<\/span>\n\t\t\t\t\t<\/a>\n\t\t\t\t\t\t\t\t<\/div>\n\t\t\t\t\t<\/div>\n\t\t\t\t<\/div>\n\t\t\t\t<\/div>\n\t\t","protected":false},"excerpt":{"rendered":"<p>La lithoth\u00e9rapie : le souffle de la Terre L\u2019\u00e9nergie douce du monde min\u00e9ral La lithoth\u00e9rapie est l&rsquo;art de rencontrer la pierre qui saura r\u00e9sonner avec votre \u00e9tat int\u00e9rieur. Chaque cristal porte en lui une structure et une vibration uniques, capables d&rsquo;apaiser une \u00e9motion, de renforcer un ancrage ou d&rsquo;encourager un \u00e9lan de vie. Pour moi, [&hellip;]<\/p>\n","protected":false},"author":1,"featured_media":0,"parent":0,"menu_order":3,"comment_status":"closed","ping_status":"closed","template":"elementor_header_footer","meta":{"footnotes":""},"class_list":["post-259","page","type-page","status-publish","hentry"],"yoast_head":"<!-- This site is optimized with the Yoast SEO plugin v27.4 - https:\/\/yoast.com\/product\/yoast-seo-wordpress\/ -->\n<title>LITHOTHERAPIE - Arcanes &amp; Cristaux<\/title>\n<meta name=\"robots\" content=\"index, follow, max-snippet:-1, max-image-preview:large, max-video-preview:-1\" \/>\n<link rel=\"canonical\" href=\"https:\/\/arcanesetcristaux.fr\/index.php\/lithotherapie\/\" \/>\n<meta property=\"og:locale\" content=\"fr_FR\" \/>\n<meta property=\"og:type\" content=\"article\" \/>\n<meta property=\"og:title\" content=\"LITHOTHERAPIE - Arcanes &amp; Cristaux\" \/>\n<meta property=\"og:description\" content=\"La lithoth\u00e9rapie : le souffle de la Terre L\u2019\u00e9nergie douce du monde min\u00e9ral La lithoth\u00e9rapie est l&rsquo;art de rencontrer la pierre qui saura r\u00e9sonner avec votre \u00e9tat int\u00e9rieur. Chaque cristal porte en lui une structure et une vibration uniques, capables d&rsquo;apaiser une \u00e9motion, de renforcer un ancrage ou d&rsquo;encourager un \u00e9lan de vie. Pour moi, [&hellip;]\" \/>\n<meta property=\"og:url\" content=\"https:\/\/arcanesetcristaux.fr\/index.php\/lithotherapie\/\" \/>\n<meta property=\"og:site_name\" content=\"Arcanes &amp; Cristaux\" \/>\n<meta property=\"article:publisher\" content=\"https:\/\/www.facebook.com\/share\/15UmzuaSotv\/\" \/>\n<meta property=\"article:modified_time\" content=\"2026-03-16T09:11:59+00:00\" \/>\n<meta property=\"og:image\" content=\"https:\/\/arcanesetcristaux.fr\/wp-content\/uploads\/2026\/01\/ChatGPT-Image-20-janv.-2026-13_24_33.jpg\" \/>\n\t<meta property=\"og:image:width\" content=\"800\" \/>\n\t<meta property=\"og:image:height\" content=\"800\" \/>\n\t<meta property=\"og:image:type\" content=\"image\/jpeg\" \/>\n<meta name=\"twitter:card\" content=\"summary_large_image\" \/>\n<meta name=\"twitter:label1\" content=\"Dur\u00e9e de lecture estim\u00e9e\" \/>\n\t<meta name=\"twitter:data1\" content=\"2 minutes\" \/>\n<script type=\"application\/ld+json\" class=\"yoast-schema-graph\">{\"@context\":\"https:\\\/\\\/schema.org\",\"@graph\":[{\"@type\":\"WebPage\",\"@id\":\"https:\\\/\\\/arcanesetcristaux.fr\\\/index.php\\\/lithotherapie\\\/\",\"url\":\"https:\\\/\\\/arcanesetcristaux.fr\\\/index.php\\\/lithotherapie\\\/\",\"name\":\"LITHOTHERAPIE - Arcanes &amp; Cristaux\",\"isPartOf\":{\"@id\":\"https:\\\/\\\/arcanesetcristaux.fr\\\/#website\"},\"primaryImageOfPage\":{\"@id\":\"https:\\\/\\\/arcanesetcristaux.fr\\\/index.php\\\/lithotherapie\\\/#primaryimage\"},\"image\":{\"@id\":\"https:\\\/\\\/arcanesetcristaux.fr\\\/index.php\\\/lithotherapie\\\/#primaryimage\"},\"thumbnailUrl\":\"https:\\\/\\\/arcanesetcristaux.fr\\\/wp-content\\\/uploads\\\/2026\\\/01\\\/ChatGPT-Image-20-janv.-2026-13_24_33.jpg\",\"datePublished\":\"2026-01-19T15:09:59+00:00\",\"dateModified\":\"2026-03-16T09:11:59+00:00\",\"breadcrumb\":{\"@id\":\"https:\\\/\\\/arcanesetcristaux.fr\\\/index.php\\\/lithotherapie\\\/#breadcrumb\"},\"inLanguage\":\"fr-FR\",\"potentialAction\":[{\"@type\":\"ReadAction\",\"target\":[\"https:\\\/\\\/arcanesetcristaux.fr\\\/index.php\\\/lithotherapie\\\/\"]}]},{\"@type\":\"ImageObject\",\"inLanguage\":\"fr-FR\",\"@id\":\"https:\\\/\\\/arcanesetcristaux.fr\\\/index.php\\\/lithotherapie\\\/#primaryimage\",\"url\":\"https:\\\/\\\/arcanesetcristaux.fr\\\/wp-content\\\/uploads\\\/2026\\\/01\\\/ChatGPT-Image-20-janv.-2026-13_24_33.jpg\",\"contentUrl\":\"https:\\\/\\\/arcanesetcristaux.fr\\\/wp-content\\\/uploads\\\/2026\\\/01\\\/ChatGPT-Image-20-janv.-2026-13_24_33.jpg\",\"width\":800,\"height\":800},{\"@type\":\"BreadcrumbList\",\"@id\":\"https:\\\/\\\/arcanesetcristaux.fr\\\/index.php\\\/lithotherapie\\\/#breadcrumb\",\"itemListElement\":[{\"@type\":\"ListItem\",\"position\":1,\"name\":\"Accueil\",\"item\":\"https:\\\/\\\/arcanesetcristaux.fr\\\/\"},{\"@type\":\"ListItem\",\"position\":2,\"name\":\"LITHOTHERAPIE\"}]},{\"@type\":\"WebSite\",\"@id\":\"https:\\\/\\\/arcanesetcristaux.fr\\\/#website\",\"url\":\"https:\\\/\\\/arcanesetcristaux.fr\\\/\",\"name\":\"Arcanes et Cristaux\",\"description\":\"\",\"publisher\":{\"@id\":\"https:\\\/\\\/arcanesetcristaux.fr\\\/#organization\"},\"potentialAction\":[{\"@type\":\"SearchAction\",\"target\":{\"@type\":\"EntryPoint\",\"urlTemplate\":\"https:\\\/\\\/arcanesetcristaux.fr\\\/?s={search_term_string}\"},\"query-input\":{\"@type\":\"PropertyValueSpecification\",\"valueRequired\":true,\"valueName\":\"search_term_string\"}}],\"inLanguage\":\"fr-FR\"},{\"@type\":\"Organization\",\"@id\":\"https:\\\/\\\/arcanesetcristaux.fr\\\/#organization\",\"name\":\"Arcanes et Cristaux\",\"url\":\"https:\\\/\\\/arcanesetcristaux.fr\\\/\",\"logo\":{\"@type\":\"ImageObject\",\"inLanguage\":\"fr-FR\",\"@id\":\"https:\\\/\\\/arcanesetcristaux.fr\\\/#\\\/schema\\\/logo\\\/image\\\/\",\"url\":\"https:\\\/\\\/arcanesetcristaux.fr\\\/wp-content\\\/uploads\\\/2026\\\/01\\\/Logo-definitif-Arcanes-1.png\",\"contentUrl\":\"https:\\\/\\\/arcanesetcristaux.fr\\\/wp-content\\\/uploads\\\/2026\\\/01\\\/Logo-definitif-Arcanes-1.png\",\"width\":500,\"height\":500,\"caption\":\"Arcanes et Cristaux\"},\"image\":{\"@id\":\"https:\\\/\\\/arcanesetcristaux.fr\\\/#\\\/schema\\\/logo\\\/image\\\/\"},\"sameAs\":[\"https:\\\/\\\/www.facebook.com\\\/share\\\/15UmzuaSotv\\\/\"]}]}<\/script>\n<!-- \/ Yoast SEO plugin. -->","yoast_head_json":{"title":"LITHOTHERAPIE - Arcanes &amp; Cristaux","robots":{"index":"index","follow":"follow","max-snippet":"max-snippet:-1","max-image-preview":"max-image-preview:large","max-video-preview":"max-video-preview:-1"},"canonical":"https:\/\/arcanesetcristaux.fr\/index.php\/lithotherapie\/","og_locale":"fr_FR","og_type":"article","og_title":"LITHOTHERAPIE - Arcanes &amp; Cristaux","og_description":"La lithoth\u00e9rapie : le souffle de la Terre L\u2019\u00e9nergie douce du monde min\u00e9ral La lithoth\u00e9rapie est l&rsquo;art de rencontrer la pierre qui saura r\u00e9sonner avec votre \u00e9tat int\u00e9rieur. Chaque cristal porte en lui une structure et une vibration uniques, capables d&rsquo;apaiser une \u00e9motion, de renforcer un ancrage ou d&rsquo;encourager un \u00e9lan de vie. Pour moi, [&hellip;]","og_url":"https:\/\/arcanesetcristaux.fr\/index.php\/lithotherapie\/","og_site_name":"Arcanes &amp; Cristaux","article_publisher":"https:\/\/www.facebook.com\/share\/15UmzuaSotv\/","article_modified_time":"2026-03-16T09:11:59+00:00","og_image":[{"width":800,"height":800,"url":"https:\/\/arcanesetcristaux.fr\/wp-content\/uploads\/2026\/01\/ChatGPT-Image-20-janv.-2026-13_24_33.jpg","type":"image\/jpeg"}],"twitter_card":"summary_large_image","twitter_misc":{"Dur\u00e9e de lecture estim\u00e9e":"2 minutes"},"schema":{"@context":"https:\/\/schema.org","@graph":[{"@type":"WebPage","@id":"https:\/\/arcanesetcristaux.fr\/index.php\/lithotherapie\/","url":"https:\/\/arcanesetcristaux.fr\/index.php\/lithotherapie\/","name":"LITHOTHERAPIE - Arcanes &amp; Cristaux","isPartOf":{"@id":"https:\/\/arcanesetcristaux.fr\/#website"},"primaryImageOfPage":{"@id":"https:\/\/arcanesetcristaux.fr\/index.php\/lithotherapie\/#primaryimage"},"image":{"@id":"https:\/\/arcanesetcristaux.fr\/index.php\/lithotherapie\/#primaryimage"},"thumbnailUrl":"https:\/\/arcanesetcristaux.fr\/wp-content\/uploads\/2026\/01\/ChatGPT-Image-20-janv.-2026-13_24_33.jpg","datePublished":"2026-01-19T15:09:59+00:00","dateModified":"2026-03-16T09:11:59+00:00","breadcrumb":{"@id":"https:\/\/arcanesetcristaux.fr\/index.php\/lithotherapie\/#breadcrumb"},"inLanguage":"fr-FR","potentialAction":[{"@type":"ReadAction","target":["https:\/\/arcanesetcristaux.fr\/index.php\/lithotherapie\/"]}]},{"@type":"ImageObject","inLanguage":"fr-FR","@id":"https:\/\/arcanesetcristaux.fr\/index.php\/lithotherapie\/#primaryimage","url":"https:\/\/arcanesetcristaux.fr\/wp-content\/uploads\/2026\/01\/ChatGPT-Image-20-janv.-2026-13_24_33.jpg","contentUrl":"https:\/\/arcanesetcristaux.fr\/wp-content\/uploads\/2026\/01\/ChatGPT-Image-20-janv.-2026-13_24_33.jpg","width":800,"height":800},{"@type":"BreadcrumbList","@id":"https:\/\/arcanesetcristaux.fr\/index.php\/lithotherapie\/#breadcrumb","itemListElement":[{"@type":"ListItem","position":1,"name":"Accueil","item":"https:\/\/arcanesetcristaux.fr\/"},{"@type":"ListItem","position":2,"name":"LITHOTHERAPIE"}]},{"@type":"WebSite","@id":"https:\/\/arcanesetcristaux.fr\/#website","url":"https:\/\/arcanesetcristaux.fr\/","name":"Arcanes et Cristaux","description":"","publisher":{"@id":"https:\/\/arcanesetcristaux.fr\/#organization"},"potentialAction":[{"@type":"SearchAction","target":{"@type":"EntryPoint","urlTemplate":"https:\/\/arcanesetcristaux.fr\/?s={search_term_string}"},"query-input":{"@type":"PropertyValueSpecification","valueRequired":true,"valueName":"search_term_string"}}],"inLanguage":"fr-FR"},{"@type":"Organization","@id":"https:\/\/arcanesetcristaux.fr\/#organization","name":"Arcanes et Cristaux","url":"https:\/\/arcanesetcristaux.fr\/","logo":{"@type":"ImageObject","inLanguage":"fr-FR","@id":"https:\/\/arcanesetcristaux.fr\/#\/schema\/logo\/image\/","url":"https:\/\/arcanesetcristaux.fr\/wp-content\/uploads\/2026\/01\/Logo-definitif-Arcanes-1.png","contentUrl":"https:\/\/arcanesetcristaux.fr\/wp-content\/uploads\/2026\/01\/Logo-definitif-Arcanes-1.png","width":500,"height":500,"caption":"Arcanes et Cristaux"},"image":{"@id":"https:\/\/arcanesetcristaux.fr\/#\/schema\/logo\/image\/"},"sameAs":["https:\/\/www.facebook.com\/share\/15UmzuaSotv\/"]}]}},"_links":{"self":[{"href":"https:\/\/arcanesetcristaux.fr\/index.php\/wp-json\/wp\/v2\/pages\/259","targetHints":{"allow":["GET"]}}],"collection":[{"href":"https:\/\/arcanesetcristaux.fr\/index.php\/wp-json\/wp\/v2\/pages"}],"about":[{"href":"https:\/\/arcanesetcristaux.fr\/index.php\/wp-json\/wp\/v2\/types\/page"}],"author":[{"embeddable":true,"href":"https:\/\/arcanesetcristaux.fr\/index.php\/wp-json\/wp\/v2\/users\/1"}],"replies":[{"embeddable":true,"href":"https:\/\/arcanesetcristaux.fr\/index.php\/wp-json\/wp\/v2\/comments?post=259"}],"version-history":[{"count":38,"href":"https:\/\/arcanesetcristaux.fr\/index.php\/wp-json\/wp\/v2\/pages\/259\/revisions"}],"predecessor-version":[{"id":944,"href":"https:\/\/arcanesetcristaux.fr\/index.php\/wp-json\/wp\/v2\/pages\/259\/revisions\/944"}],"wp:attachment":[{"href":"https:\/\/arcanesetcristaux.fr\/index.php\/wp-json\/wp\/v2\/media?parent=259"}],"curies":[{"name":"wp","href":"https:\/\/api.w.org\/{rel}","templated":true}]}}