{"id":257,"date":"2026-01-19T15:26:42","date_gmt":"2026-01-19T15:26:42","guid":{"rendered":"https:\/\/arcanesetcristaux.fr\/?page_id=257"},"modified":"2026-03-16T11:21:27","modified_gmt":"2026-03-16T11:21:27","slug":"tarot","status":"publish","type":"page","link":"https:\/\/arcanesetcristaux.fr\/index.php\/tarot\/","title":{"rendered":"TAROT"},"content":{"rendered":"\t\t<div data-elementor-type=\"wp-page\" data-elementor-id=\"257\" class=\"elementor elementor-257\" data-elementor-post-type=\"page\">\n\t\t\t\t<div class=\"elementor-element elementor-element-b5826da e-flex e-con-boxed e-con e-parent\" data-id=\"b5826da\" data-element_type=\"container\" data-e-type=\"container\">\n\t\t\t\t\t<div class=\"e-con-inner\">\n\t\t\t\t\t<\/div>\n\t\t\t\t<\/div>\n\t\t<div class=\"elementor-element elementor-element-08d8da5 e-flex e-con-boxed e-con e-parent\" data-id=\"08d8da5\" data-element_type=\"container\" data-e-type=\"container\" data-settings=\"{&quot;background_background&quot;:&quot;classic&quot;}\">\n\t\t\t\t\t<div class=\"e-con-inner\">\n\t\t\t\t<div class=\"elementor-element elementor-element-220bc18 elementor-widget elementor-widget-heading\" data-id=\"220bc18\" data-element_type=\"widget\" data-e-type=\"widget\" data-widget_type=\"heading.default\">\n\t\t\t\t\t<h2 class=\"elementor-heading-title elementor-size-default\">Le Tarot : une boussole pour l'\u00e2me<\/h2>\t\t\t\t<\/div>\n\t\t\t\t\t<\/div>\n\t\t\t\t<\/div>\n\t\t<div class=\"elementor-element elementor-element-4131a2f e-flex e-con-boxed e-con e-parent\" data-id=\"4131a2f\" data-element_type=\"container\" data-e-type=\"container\">\n\t\t\t\t\t<div class=\"e-con-inner\">\n\t\t<div class=\"elementor-element elementor-element-d0472d0 e-con-full e-flex e-con e-child\" data-id=\"d0472d0\" data-element_type=\"container\" data-e-type=\"container\">\n\t\t\t\t<div class=\"elementor-element elementor-element-dd5cb27 elementor-widget elementor-widget-text-editor\" data-id=\"dd5cb27\" data-element_type=\"widget\" data-e-type=\"widget\" data-widget_type=\"text-editor.default\">\n\t\t\t\t\t\t\t\t\t<h2 data-path-to-node=\"3\">\u00c9clairer le pr\u00e9sent pour dessiner demain<\/h2><p data-path-to-node=\"4\">Le Tarot n\u2019est pas pour moi un outil de pr\u00e9diction fig\u00e9e, mais un miroir bienveillant. Il ne s&rsquo;agit pas de lire un destin \u00e9crit d&rsquo;avance, mais de plonger dans le langage des symboles pour mettre des mots sur ce que votre intuition murmure d\u00e9j\u00e0.<\/p><p data-path-to-node=\"5\">Lors d\u2019une consultation, les cartes deviennent un support visuel pour :<\/p><ul data-path-to-node=\"6\"><li><p data-path-to-node=\"6,0,0\"><b data-path-to-node=\"6,0,0\" data-index-in-node=\"0\">Clarifier une situation<\/b> qui vous semble floue ou bloqu\u00e9e.<\/p><\/li><li><p data-path-to-node=\"6,1,0\"><b data-path-to-node=\"6,1,0\" data-index-in-node=\"0\">R\u00e9v\u00e9ler les ressources<\/b> int\u00e9rieures que vous poss\u00e9dez d\u00e9j\u00e0.<\/p><\/li><li><p data-path-to-node=\"6,2,0\"><b data-path-to-node=\"6,2,0\" data-index-in-node=\"0\">Comprendre les blocages<\/b> passagers pour mieux les d\u00e9passer.<\/p><\/li><li><p data-path-to-node=\"6,3,0\"><b data-path-to-node=\"6,3,0\" data-index-in-node=\"0\">Prendre une d\u00e9cision<\/b> en accord avec votre c\u0153ur et votre v\u00e9rit\u00e9.<\/p><\/li><\/ul>\t\t\t\t\t\t\t\t<\/div>\n\t\t\t\t<\/div>\n\t\t<div class=\"elementor-element elementor-element-60017d9 e-con-full e-flex e-con e-child\" data-id=\"60017d9\" data-element_type=\"container\" data-e-type=\"container\" data-settings=\"{&quot;background_background&quot;:&quot;slideshow&quot;,&quot;background_slideshow_gallery&quot;:[{&quot;id&quot;:206,&quot;url&quot;:&quot;https:\\\/\\\/arcanesetcristaux.fr\\\/wp-content\\\/uploads\\\/2026\\\/01\\\/Design-sans-titre-7.png&quot;},{&quot;id&quot;:195,&quot;url&quot;:&quot;https:\\\/\\\/arcanesetcristaux.fr\\\/wp-content\\\/uploads\\\/2026\\\/01\\\/ChatGPT-Image-14-janv.-2026-17_02_02.jpg&quot;},{&quot;id&quot;:138,&quot;url&quot;:&quot;https:\\\/\\\/arcanesetcristaux.fr\\\/wp-content\\\/uploads\\\/2026\\\/01\\\/51d6c365-84f4-4358-8903-331a65afe6fb.png&quot;}],&quot;background_slideshow_loop&quot;:&quot;yes&quot;,&quot;background_slideshow_slide_duration&quot;:5000,&quot;background_slideshow_slide_transition&quot;:&quot;fade&quot;,&quot;background_slideshow_transition_duration&quot;:500}\">\n\t\t\t\t<\/div>\n\t\t<div class=\"elementor-element elementor-element-c251ec9 e-con-full elementor-hidden-mobile e-flex e-con e-child\" data-id=\"c251ec9\" data-element_type=\"container\" data-e-type=\"container\" data-settings=\"{&quot;background_background&quot;:&quot;slideshow&quot;,&quot;background_slideshow_gallery&quot;:[{&quot;id&quot;:22,&quot;url&quot;:&quot;https:\\\/\\\/arcanesetcristaux.fr\\\/wp-content\\\/uploads\\\/2026\\\/01\\\/ChatGPT-Image-12-janv.-2026-14_23_28.jpg&quot;},{&quot;id&quot;:398,&quot;url&quot;:&quot;https:\\\/\\\/arcanesetcristaux.fr\\\/wp-content\\\/uploads\\\/2026\\\/01\\\/ChatGPT-Image-19-janv.-2026-16_33_17.jpg&quot;}],&quot;background_slideshow_loop&quot;:&quot;yes&quot;,&quot;background_slideshow_slide_duration&quot;:5000,&quot;background_slideshow_slide_transition&quot;:&quot;fade&quot;,&quot;background_slideshow_transition_duration&quot;:500}\">\n\t\t\t\t<\/div>\n\t\t<div class=\"elementor-element elementor-element-49bc1a3 e-con-full e-flex e-con e-child\" data-id=\"49bc1a3\" data-element_type=\"container\" data-e-type=\"container\">\n\t\t\t\t<div class=\"elementor-element elementor-element-dae3ed9 elementor-widget elementor-widget-text-editor\" data-id=\"dae3ed9\" data-element_type=\"widget\" data-e-type=\"widget\" data-widget_type=\"text-editor.default\">\n\t\t\t\t\t\t\t\t\t<h2 data-path-to-node=\"8\">Une parenth\u00e8se de clart\u00e9<\/h2><p data-path-to-node=\"9\">Dans mon espace, le Tarot est un dialogue. Nous explorons ensemble les images et les arch\u00e9types pour voir comment ils r\u00e9sonnent avec votre histoire. C&rsquo;est un moment de pause, loin de l&rsquo;agitation, o\u00f9 l&rsquo;on s&rsquo;autorise \u00e0 regarder les choses sous un nouvel angle, avec douceur et sans jugement.<\/p><blockquote data-path-to-node=\"10\"><p data-path-to-node=\"10,0\"><i data-path-to-node=\"10,0\" data-index-in-node=\"0\">\u00ab\u00a0Le Tarot ne pr\u00e9dit pas l&rsquo;avenir, il aide \u00e0 le construire avec plus de conscience.\u00a0\u00bb<\/i><\/p><\/blockquote>\t\t\t\t\t\t\t\t<\/div>\n\t\t\t\t<\/div>\n\t\t\t\t\t<\/div>\n\t\t\t\t<\/div>\n\t\t<div class=\"elementor-element elementor-element-794bbe3 e-flex e-con-boxed e-con e-parent\" data-id=\"794bbe3\" data-element_type=\"container\" data-e-type=\"container\" data-settings=\"{&quot;background_background&quot;:&quot;classic&quot;}\">\n\t\t\t\t\t<div class=\"e-con-inner\">\n\t\t\t\t<div class=\"elementor-element elementor-element-4c2d376 elementor-widget elementor-widget-heading\" data-id=\"4c2d376\" data-element_type=\"widget\" data-e-type=\"widget\" data-widget_type=\"heading.default\">\n\t\t\t\t\t<h2 class=\"elementor-heading-title elementor-size-default\">Comment se d\u00e9roule une s\u00e9ance de tarot<\/h2>\t\t\t\t<\/div>\n\t\t\t\t\t<\/div>\n\t\t\t\t<\/div>\n\t\t<div class=\"elementor-element elementor-element-076a285 e-flex e-con-boxed e-con e-parent\" data-id=\"076a285\" data-element_type=\"container\" data-e-type=\"container\">\n\t\t\t\t\t<div class=\"e-con-inner\">\n\t\t\t\t<div class=\"elementor-element elementor-element-d2d4501 elementor-widget elementor-widget-text-editor\" data-id=\"d2d4501\" data-element_type=\"widget\" data-e-type=\"widget\" data-widget_type=\"text-editor.default\">\n\t\t\t\t\t\t\t\t\t<p data-start=\"912\" data-end=\"1002\">Chaque s\u00e9ance est unique et s\u2019adapte \u00e0 votre demande. Elle se d\u00e9roule en plusieurs temps :<\/p><ol data-start=\"1004\" data-end=\"1627\"><li data-start=\"1004\" data-end=\"1118\"><p data-start=\"1007\" data-end=\"1118\"><strong data-start=\"1007\" data-end=\"1029\">Un temps d\u2019\u00e9change<\/strong><br data-start=\"1029\" data-end=\"1032\" \/>Pour comprendre votre situation, vos questionnements et poser une intention claire.<\/p><\/li><li data-start=\"1120\" data-end=\"1301\"><p data-start=\"1123\" data-end=\"1301\"><strong data-start=\"1123\" data-end=\"1145\">Le tirage de tarot<\/strong><br data-start=\"1145\" data-end=\"1148\" \/>Les cartes sont tir\u00e9es de mani\u00e8re intuitive pour \u00e9clairer la situation, les blocages \u00e9ventuels, les ressources disponibles et les mouvements en cours.<\/p><\/li><li data-start=\"1303\" data-end=\"1485\"><p data-start=\"1306\" data-end=\"1485\"><strong data-start=\"1306\" data-end=\"1333\">La lecture et l\u2019\u00e9change<\/strong><br data-start=\"1333\" data-end=\"1336\" \/>La lecture se fait dans le dialogue, avec des explications simples et accessibles, afin que vous puissiez vous approprier pleinement les messages.<\/p><\/li><li data-start=\"1487\" data-end=\"1627\"><p data-start=\"1490\" data-end=\"1627\"><strong data-start=\"1490\" data-end=\"1516\">Un temps d\u2019int\u00e9gration<\/strong><br data-start=\"1516\" data-end=\"1519\" \/>Des pistes de r\u00e9flexion ou de mise en action peuvent \u00eatre propos\u00e9es, toujours de fa\u00e7on douce et r\u00e9aliste.<\/p><\/li><\/ol><p data-start=\"1629\" data-end=\"1686\">Les s\u00e9ances peuvent se faire en pr\u00e9sentiel ou \u00e0 distance.<\/p>\t\t\t\t\t\t\t\t<\/div>\n\t\t\t\t\t<\/div>\n\t\t\t\t<\/div>\n\t\t<div class=\"elementor-element elementor-element-5984ac2 e-flex e-con-boxed e-con e-parent\" data-id=\"5984ac2\" data-element_type=\"container\" data-e-type=\"container\" data-settings=\"{&quot;background_background&quot;:&quot;classic&quot;}\">\n\t\t\t\t\t<div class=\"e-con-inner\">\n\t\t\t\t<div class=\"elementor-element elementor-element-328695c elementor-widget elementor-widget-heading\" data-id=\"328695c\" data-element_type=\"widget\" data-e-type=\"widget\" data-widget_type=\"heading.default\">\n\t\t\t\t\t<h2 class=\"elementor-heading-title elementor-size-default\">Un accompagnement respectueux<\/h2>\t\t\t\t<\/div>\n\t\t\t\t\t<\/div>\n\t\t\t\t<\/div>\n\t\t<div class=\"elementor-element elementor-element-bc2dea0 e-flex e-con-boxed e-con e-parent\" data-id=\"bc2dea0\" data-element_type=\"container\" data-e-type=\"container\">\n\t\t\t\t\t<div class=\"e-con-inner\">\n\t\t\t\t<div class=\"elementor-element elementor-element-a9fa09a elementor-widget elementor-widget-text-editor\" data-id=\"a9fa09a\" data-element_type=\"widget\" data-e-type=\"widget\" data-widget_type=\"text-editor.default\">\n\t\t\t\t\t\t\t\t\t<p data-start=\"2204\" data-end=\"2332\">Le tarot ne d\u00e9cide pas \u00e0 votre place.<br data-start=\"2241\" data-end=\"2244\" \/>Il vous aide \u00e0 voir plus clair, \u00e0 mieux vous \u00e9couter et \u00e0 faire des choix en conscience.<\/p><p data-start=\"2334\" data-end=\"2417\">Chaque s\u00e9ance se d\u00e9roule dans un cadre bienveillant, confidentiel et sans jugement.<\/p>\t\t\t\t\t\t\t\t<\/div>\n\t\t\t\t\t<\/div>\n\t\t\t\t<\/div>\n\t\t<div class=\"elementor-element elementor-element-462557a e-flex e-con-boxed e-con e-parent\" data-id=\"462557a\" data-element_type=\"container\" data-e-type=\"container\" data-settings=\"{&quot;background_background&quot;:&quot;classic&quot;}\">\n\t\t\t\t\t<div class=\"e-con-inner\">\n\t\t\t\t<div class=\"elementor-element elementor-element-0390943 elementor-widget elementor-widget-heading\" data-id=\"0390943\" data-element_type=\"widget\" data-e-type=\"widget\" data-widget_type=\"heading.default\">\n\t\t\t\t\t<h2 class=\"elementor-heading-title elementor-size-default\">Envie d'une s\u00e9ance de tarot ?<\/h2>\t\t\t\t<\/div>\n\t\t\t\t\t<\/div>\n\t\t\t\t<\/div>\n\t\t<div class=\"elementor-element elementor-element-67daac9 e-flex e-con-boxed e-con e-parent\" data-id=\"67daac9\" data-element_type=\"container\" data-e-type=\"container\">\n\t\t\t\t\t<div class=\"e-con-inner\">\n\t\t\t\t<div class=\"elementor-element elementor-element-ea9ab05 elementor-align-center elementor-widget elementor-widget-button\" data-id=\"ea9ab05\" data-element_type=\"widget\" data-e-type=\"widget\" data-widget_type=\"button.default\">\n\t\t\t\t\t\t\t\t\t\t<a class=\"elementor-button elementor-button-link elementor-size-sm\" href=\"https:\/\/arcanesetcristaux.fr\/index.php\/ressources\/\">\n\t\t\t\t\t\t<span class=\"elementor-button-content-wrapper\">\n\t\t\t\t\t\t\t\t\t<span class=\"elementor-button-text\">R\u00e9server un accompagnement<\/span>\n\t\t\t\t\t<\/span>\n\t\t\t\t\t<\/a>\n\t\t\t\t\t\t\t\t<\/div>\n\t\t\t\t\t<\/div>\n\t\t\t\t<\/div>\n\t\t\t\t<\/div>\n\t\t","protected":false},"excerpt":{"rendered":"<p>Le Tarot : une boussole pour l&rsquo;\u00e2me \u00c9clairer le pr\u00e9sent pour dessiner demain Le Tarot n\u2019est pas pour moi un outil de pr\u00e9diction fig\u00e9e, mais un miroir bienveillant. Il ne s&rsquo;agit pas de lire un destin \u00e9crit d&rsquo;avance, mais de plonger dans le langage des symboles pour mettre des mots sur ce que votre intuition [&hellip;]<\/p>\n","protected":false},"author":1,"featured_media":0,"parent":0,"menu_order":2,"comment_status":"closed","ping_status":"closed","template":"elementor_header_footer","meta":{"footnotes":""},"class_list":["post-257","page","type-page","status-publish","hentry"],"yoast_head":"<!-- This site is optimized with the Yoast SEO plugin v27.4 - https:\/\/yoast.com\/product\/yoast-seo-wordpress\/ -->\n<title>TAROT - Arcanes &amp; Cristaux<\/title>\n<meta name=\"robots\" content=\"index, follow, max-snippet:-1, max-image-preview:large, max-video-preview:-1\" \/>\n<link rel=\"canonical\" href=\"https:\/\/arcanesetcristaux.fr\/index.php\/tarot\/\" \/>\n<meta property=\"og:locale\" content=\"fr_FR\" \/>\n<meta property=\"og:type\" content=\"article\" \/>\n<meta property=\"og:title\" content=\"TAROT - Arcanes &amp; Cristaux\" \/>\n<meta property=\"og:description\" content=\"Le Tarot : une boussole pour l&rsquo;\u00e2me \u00c9clairer le pr\u00e9sent pour dessiner demain Le Tarot n\u2019est pas pour moi un outil de pr\u00e9diction fig\u00e9e, mais un miroir bienveillant. Il ne s&rsquo;agit pas de lire un destin \u00e9crit d&rsquo;avance, mais de plonger dans le langage des symboles pour mettre des mots sur ce que votre intuition [&hellip;]\" \/>\n<meta property=\"og:url\" content=\"https:\/\/arcanesetcristaux.fr\/index.php\/tarot\/\" \/>\n<meta property=\"og:site_name\" content=\"Arcanes &amp; Cristaux\" \/>\n<meta property=\"article:publisher\" content=\"https:\/\/www.facebook.com\/share\/15UmzuaSotv\/\" \/>\n<meta property=\"article:modified_time\" content=\"2026-03-16T11:21:27+00:00\" \/>\n<meta property=\"og:image\" content=\"https:\/\/arcanesetcristaux.fr\/wp-content\/uploads\/2026\/01\/Design-sans-titre-2.jpg\" \/>\n\t<meta property=\"og:image:width\" content=\"1600\" \/>\n\t<meta property=\"og:image:height\" content=\"896\" \/>\n\t<meta property=\"og:image:type\" content=\"image\/jpeg\" \/>\n<meta name=\"twitter:card\" content=\"summary_large_image\" \/>\n<meta name=\"twitter:label1\" content=\"Dur\u00e9e de lecture estim\u00e9e\" \/>\n\t<meta name=\"twitter:data1\" content=\"2 minutes\" \/>\n<script type=\"application\/ld+json\" class=\"yoast-schema-graph\">{\"@context\":\"https:\\\/\\\/schema.org\",\"@graph\":[{\"@type\":\"WebPage\",\"@id\":\"https:\\\/\\\/arcanesetcristaux.fr\\\/index.php\\\/tarot\\\/\",\"url\":\"https:\\\/\\\/arcanesetcristaux.fr\\\/index.php\\\/tarot\\\/\",\"name\":\"TAROT - Arcanes &amp; Cristaux\",\"isPartOf\":{\"@id\":\"https:\\\/\\\/arcanesetcristaux.fr\\\/#website\"},\"datePublished\":\"2026-01-19T15:26:42+00:00\",\"dateModified\":\"2026-03-16T11:21:27+00:00\",\"breadcrumb\":{\"@id\":\"https:\\\/\\\/arcanesetcristaux.fr\\\/index.php\\\/tarot\\\/#breadcrumb\"},\"inLanguage\":\"fr-FR\",\"potentialAction\":[{\"@type\":\"ReadAction\",\"target\":[\"https:\\\/\\\/arcanesetcristaux.fr\\\/index.php\\\/tarot\\\/\"]}]},{\"@type\":\"BreadcrumbList\",\"@id\":\"https:\\\/\\\/arcanesetcristaux.fr\\\/index.php\\\/tarot\\\/#breadcrumb\",\"itemListElement\":[{\"@type\":\"ListItem\",\"position\":1,\"name\":\"Accueil\",\"item\":\"https:\\\/\\\/arcanesetcristaux.fr\\\/\"},{\"@type\":\"ListItem\",\"position\":2,\"name\":\"TAROT\"}]},{\"@type\":\"WebSite\",\"@id\":\"https:\\\/\\\/arcanesetcristaux.fr\\\/#website\",\"url\":\"https:\\\/\\\/arcanesetcristaux.fr\\\/\",\"name\":\"Arcanes et Cristaux\",\"description\":\"\",\"publisher\":{\"@id\":\"https:\\\/\\\/arcanesetcristaux.fr\\\/#organization\"},\"potentialAction\":[{\"@type\":\"SearchAction\",\"target\":{\"@type\":\"EntryPoint\",\"urlTemplate\":\"https:\\\/\\\/arcanesetcristaux.fr\\\/?s={search_term_string}\"},\"query-input\":{\"@type\":\"PropertyValueSpecification\",\"valueRequired\":true,\"valueName\":\"search_term_string\"}}],\"inLanguage\":\"fr-FR\"},{\"@type\":\"Organization\",\"@id\":\"https:\\\/\\\/arcanesetcristaux.fr\\\/#organization\",\"name\":\"Arcanes et Cristaux\",\"url\":\"https:\\\/\\\/arcanesetcristaux.fr\\\/\",\"logo\":{\"@type\":\"ImageObject\",\"inLanguage\":\"fr-FR\",\"@id\":\"https:\\\/\\\/arcanesetcristaux.fr\\\/#\\\/schema\\\/logo\\\/image\\\/\",\"url\":\"https:\\\/\\\/arcanesetcristaux.fr\\\/wp-content\\\/uploads\\\/2026\\\/01\\\/Logo-definitif-Arcanes-1.png\",\"contentUrl\":\"https:\\\/\\\/arcanesetcristaux.fr\\\/wp-content\\\/uploads\\\/2026\\\/01\\\/Logo-definitif-Arcanes-1.png\",\"width\":500,\"height\":500,\"caption\":\"Arcanes et Cristaux\"},\"image\":{\"@id\":\"https:\\\/\\\/arcanesetcristaux.fr\\\/#\\\/schema\\\/logo\\\/image\\\/\"},\"sameAs\":[\"https:\\\/\\\/www.facebook.com\\\/share\\\/15UmzuaSotv\\\/\"]}]}<\/script>\n<!-- \/ Yoast SEO plugin. -->","yoast_head_json":{"title":"TAROT - Arcanes &amp; Cristaux","robots":{"index":"index","follow":"follow","max-snippet":"max-snippet:-1","max-image-preview":"max-image-preview:large","max-video-preview":"max-video-preview:-1"},"canonical":"https:\/\/arcanesetcristaux.fr\/index.php\/tarot\/","og_locale":"fr_FR","og_type":"article","og_title":"TAROT - Arcanes &amp; Cristaux","og_description":"Le Tarot : une boussole pour l&rsquo;\u00e2me \u00c9clairer le pr\u00e9sent pour dessiner demain Le Tarot n\u2019est pas pour moi un outil de pr\u00e9diction fig\u00e9e, mais un miroir bienveillant. Il ne s&rsquo;agit pas de lire un destin \u00e9crit d&rsquo;avance, mais de plonger dans le langage des symboles pour mettre des mots sur ce que votre intuition [&hellip;]","og_url":"https:\/\/arcanesetcristaux.fr\/index.php\/tarot\/","og_site_name":"Arcanes &amp; Cristaux","article_publisher":"https:\/\/www.facebook.com\/share\/15UmzuaSotv\/","article_modified_time":"2026-03-16T11:21:27+00:00","og_image":[{"width":1600,"height":896,"url":"https:\/\/arcanesetcristaux.fr\/wp-content\/uploads\/2026\/01\/Design-sans-titre-2.jpg","type":"image\/jpeg"}],"twitter_card":"summary_large_image","twitter_misc":{"Dur\u00e9e de lecture estim\u00e9e":"2 minutes"},"schema":{"@context":"https:\/\/schema.org","@graph":[{"@type":"WebPage","@id":"https:\/\/arcanesetcristaux.fr\/index.php\/tarot\/","url":"https:\/\/arcanesetcristaux.fr\/index.php\/tarot\/","name":"TAROT - Arcanes &amp; Cristaux","isPartOf":{"@id":"https:\/\/arcanesetcristaux.fr\/#website"},"datePublished":"2026-01-19T15:26:42+00:00","dateModified":"2026-03-16T11:21:27+00:00","breadcrumb":{"@id":"https:\/\/arcanesetcristaux.fr\/index.php\/tarot\/#breadcrumb"},"inLanguage":"fr-FR","potentialAction":[{"@type":"ReadAction","target":["https:\/\/arcanesetcristaux.fr\/index.php\/tarot\/"]}]},{"@type":"BreadcrumbList","@id":"https:\/\/arcanesetcristaux.fr\/index.php\/tarot\/#breadcrumb","itemListElement":[{"@type":"ListItem","position":1,"name":"Accueil","item":"https:\/\/arcanesetcristaux.fr\/"},{"@type":"ListItem","position":2,"name":"TAROT"}]},{"@type":"WebSite","@id":"https:\/\/arcanesetcristaux.fr\/#website","url":"https:\/\/arcanesetcristaux.fr\/","name":"Arcanes et Cristaux","description":"","publisher":{"@id":"https:\/\/arcanesetcristaux.fr\/#organization"},"potentialAction":[{"@type":"SearchAction","target":{"@type":"EntryPoint","urlTemplate":"https:\/\/arcanesetcristaux.fr\/?s={search_term_string}"},"query-input":{"@type":"PropertyValueSpecification","valueRequired":true,"valueName":"search_term_string"}}],"inLanguage":"fr-FR"},{"@type":"Organization","@id":"https:\/\/arcanesetcristaux.fr\/#organization","name":"Arcanes et Cristaux","url":"https:\/\/arcanesetcristaux.fr\/","logo":{"@type":"ImageObject","inLanguage":"fr-FR","@id":"https:\/\/arcanesetcristaux.fr\/#\/schema\/logo\/image\/","url":"https:\/\/arcanesetcristaux.fr\/wp-content\/uploads\/2026\/01\/Logo-definitif-Arcanes-1.png","contentUrl":"https:\/\/arcanesetcristaux.fr\/wp-content\/uploads\/2026\/01\/Logo-definitif-Arcanes-1.png","width":500,"height":500,"caption":"Arcanes et Cristaux"},"image":{"@id":"https:\/\/arcanesetcristaux.fr\/#\/schema\/logo\/image\/"},"sameAs":["https:\/\/www.facebook.com\/share\/15UmzuaSotv\/"]}]}},"_links":{"self":[{"href":"https:\/\/arcanesetcristaux.fr\/index.php\/wp-json\/wp\/v2\/pages\/257","targetHints":{"allow":["GET"]}}],"collection":[{"href":"https:\/\/arcanesetcristaux.fr\/index.php\/wp-json\/wp\/v2\/pages"}],"about":[{"href":"https:\/\/arcanesetcristaux.fr\/index.php\/wp-json\/wp\/v2\/types\/page"}],"author":[{"embeddable":true,"href":"https:\/\/arcanesetcristaux.fr\/index.php\/wp-json\/wp\/v2\/users\/1"}],"replies":[{"embeddable":true,"href":"https:\/\/arcanesetcristaux.fr\/index.php\/wp-json\/wp\/v2\/comments?post=257"}],"version-history":[{"count":57,"href":"https:\/\/arcanesetcristaux.fr\/index.php\/wp-json\/wp\/v2\/pages\/257\/revisions"}],"predecessor-version":[{"id":976,"href":"https:\/\/arcanesetcristaux.fr\/index.php\/wp-json\/wp\/v2\/pages\/257\/revisions\/976"}],"wp:attachment":[{"href":"https:\/\/arcanesetcristaux.fr\/index.php\/wp-json\/wp\/v2\/media?parent=257"}],"curies":[{"name":"wp","href":"https:\/\/api.w.org\/{rel}","templated":true}]}}